{"id":257,"date":"2025-09-17T15:59:57","date_gmt":"2025-09-17T15:59:57","guid":{"rendered":"https:\/\/bb.kappa-medien.de\/?page_id=257"},"modified":"2026-04-29T23:32:37","modified_gmt":"2026-04-29T23:32:37","slug":"grundwassermessstellen","status":"publish","type":"page","link":"https:\/\/bb.kappa-medien.de\/?page_id=257","title":{"rendered":"Grundwassermessstellen"},"content":{"rendered":"\t\t<div data-elementor-type=\"wp-page\" data-elementor-id=\"257\" class=\"elementor elementor-257\" data-elementor-post-type=\"page\">\n\t\t\t\t\t\t<div class=\"elementor-element elementor-element-2bcb2e7 e-con e-atomic-element e-flexbox-base e-2bcb2e7-a2e5f19 section\" data-id=\"2bcb2e7\" data-element_type=\"e-flexbox\" data-e-type=\"e-flexbox\" data-interaction-id=\"2bcb2e7\" data-e-type=\"e-flexbox\" data-id=\"2bcb2e7\">\n\t\t\t\t<div class=\"elementor-element elementor-element-2450a3a e-con e-atomic-element e-flexbox-base e-2450a3a-f85bc3e wrapper\" data-id=\"2450a3a\" data-element_type=\"e-flexbox\" data-e-type=\"e-flexbox\" data-interaction-id=\"2450a3a\" data-e-type=\"e-flexbox\" data-id=\"2450a3a\">\n\t\t\t\t<div class=\"elementor-element elementor-element-baba6b8 e-con e-atomic-element e-flexbox-base DUP_hero-content-wrapper\" data-id=\"baba6b8\" data-element_type=\"e-flexbox\" data-e-type=\"e-flexbox\" data-interaction-id=\"baba6b8\" data-e-type=\"e-flexbox\" data-id=\"baba6b8\">\n\t\t\t\t<div class=\"elementor-element elementor-element-65b8b55 e-con e-atomic-element e-flexbox-base e-65b8b55-7967e12\" data-id=\"65b8b55\" data-element_type=\"e-flexbox\" data-e-type=\"e-flexbox\" data-interaction-id=\"65b8b55\" data-e-type=\"e-flexbox\" data-id=\"65b8b55\">\n\t\t\t\t\t<div class=\"e-bfd17e3-78d3106 e-svg-base\" data-interaction-id=\"bfd17e3\" data-e-type=\"widget\" data-id=\"bfd17e3\"><svg xmlns=\"http:\/\/www.w3.org\/2000\/svg\" fill=\"currentColor\" style=\"width: 100%; height: 100%; overflow: unset;\" id=\"Layer_1\" viewBox=\"0 0 512 512\"><defs><style>      .st0 {        fill: #03a9ef;      }      .st1 {        fill: #fff;      }    <\/style><\/defs><path class=\"st0\" d=\"M438.4,329.6c0,101.3-82.1,182.4-182.4,182.4s-182.4-81.1-182.4-182.4S256,0,256,0c0,0,182.4,229.3,182.4,329.6Z\"><\/path><path class=\"st1\" d=\"M256,464c-73.6,0-134.4-59.7-134.4-134.4s7.5-16,16-16,16,7.5,16,16c0,56.5,45.9,102.4,102.4,102.4s16,7.5,16,16-7.5,16-16,16Z\"><\/path><\/svg><\/div>\t\t\t\t\t\t\t\t<p class=\"text-body e-045696a-5d86167 e-paragraph-base\" data-interaction-id=\"045696a\"  data-e-type=\"widget\" data-id=\"045696a\">\n\t\t\t\t\t\t\t\tPr\u00e4zise und zuverl\u00e4ssig\n\t\t\t\t\t<\/p>\n\t\t\t\t<\/div>\n\t\t\t\t<div class=\"elementor-element elementor-element-aa3c5f5 e-con e-atomic-element e-flexbox-base e-aa3c5f5-18e347d reveal-on-load\" data-id=\"aa3c5f5\" data-element_type=\"e-flexbox\" data-e-type=\"e-flexbox\" data-interaction-id=\"aa3c5f5\" data-e-type=\"e-flexbox\" data-id=\"aa3c5f5\">\n\t\t\t\t\t\t\t\t<p class=\"e-da07a78-75d6ea1 h1-text reveal-on-load e-paragraph-base\" data-interaction-id=\"da07a78\"  data-e-type=\"widget\" data-id=\"da07a78\">\n\t\t\t\t\t\t\t\tGrund\u00adwasser\u00admess\u00adstelle\n\t\t\t\t\t<\/p>\n\t\t\t\t<div class=\"elementor-element elementor-element-46218e5 elementor-widget elementor-widget-html\" data-id=\"46218e5\" data-element_type=\"widget\" data-e-type=\"widget\" data-widget_type=\"html.default\">\n\t\t\t\t\t<script>\ndocument.addEventListener('DOMContentLoaded', function () {\n  const reveal = (el, delay = 30) => {\n    if (el.classList.contains('is-revealed')) return;\n    setTimeout(() => {\n      el.classList.add('is-revealed');\n    }, delay);\n  };\n\n  \/\/ Elemente, die direkt beim Laden starten sollen\n  document.querySelectorAll('.reveal-on-load').forEach((el) => {\n    reveal(el, 30);\n  });\n\n  \/\/ Elemente, die erst beim Scrollen starten sollen\n  const scrollElements = document.querySelectorAll('.reveal-on-scroll');\n\n  if ('IntersectionObserver' in window) {\n    const observer = new IntersectionObserver((entries, observer) => {\n      entries.forEach((entry) => {\n        if (entry.isIntersecting) {\n          reveal(entry.target, 30);\n          observer.unobserve(entry.target);\n        }\n      });\n    }, {\n      threshold: 0.15,\n      rootMargin: '0px 0px -5% 0px'\n    });\n\n    scrollElements.forEach((el) => observer.observe(el));\n  } else {\n    \/\/ Fallback f\u00fcr alte Browser\n    scrollElements.forEach((el) => reveal(el, 30));\n  }\n});\n<\/script>\t\t\t\t<\/div>\n\t\t\t\t\t\t\t\n\t\t<img class=\"e-image-base e-f834c72-6553ae7\" \n\t\t\t\t\tdata-interaction-id=\"f834c72\" \n\t\t \n\t\t data-e-type=\"widget\" data-id=\"f834c72\"\n\t\t\t\t\t\t\t\t\tid=\"49\"\n\t\t\t\t\t\t\t\t\t\t\t\tsrc=\"https:\/\/bb.kappa-medien.de\/wp-content\/uploads\/2025\/09\/drop-pattern.png\"\n\t\t\t\t\t\t\t\t\t\t\t\twidth=\"400\"\n\t\t\t\t\t\t\t\t\t\t\t\theight=\"192\"\n\t\t\t\t\t\t\t\t\t\t\t\tsrcset=\"https:\/\/bb.kappa-medien.de\/wp-content\/uploads\/2025\/09\/drop-pattern.png 400w, https:\/\/bb.kappa-medien.de\/wp-content\/uploads\/2025\/09\/drop-pattern-300x144.png 300w\"\n\t\t\t\t\t\t\t\t\t\t\t\talt=\"\"\n\t\t\t\t\t\t\/>\n\t\t\t\t\t<\/div>\n\t\t\t\t<\/div>\n\t\t\t\t<\/div>\n\t\t\t\t<\/div>\n\t\t\t\t<div class=\"elementor-element elementor-element-d936893 e-con e-atomic-element e-div-block-base section e-d936893-b47369e\" data-id=\"d936893\" data-element_type=\"e-div-block\" data-e-type=\"e-div-block\" data-interaction-id=\"d936893\" data-e-type=\"e-div-block\" data-id=\"d936893\">\n\t\t\t\t<div class=\"elementor-element elementor-element-3efe33b e-con e-atomic-element e-flexbox-base wrapper\" data-id=\"3efe33b\" data-element_type=\"e-flexbox\" data-e-type=\"e-flexbox\" data-interaction-id=\"3efe33b\" data-e-type=\"e-flexbox\" data-id=\"3efe33b\">\n\t\t\t\t<div class=\"elementor-element elementor-element-84a38bc e-con e-atomic-element e-div-block-base container-basic\" data-id=\"84a38bc\" data-element_type=\"e-div-block\" data-e-type=\"e-div-block\" data-interaction-id=\"84a38bc\" data-e-type=\"e-div-block\" data-id=\"84a38bc\">\n\t\t\t\t\t\t\t<h2 \n\t\tdata-interaction-id=\"f33a08a\" \n\t\tclass=\"text-h2 reveal-on-scroll e-heading-base\" \n\t\t \n\t\tdata-e-type=\"widget\" data-id=\"f33a08a\"\n\t>\n\t\n\t\t\tGrundwassermessstellen f\u00fcr zuverl\u00e4ssige Kontrolle und Analyse\n\t\t<\/h2>\n\t\t\t\t\t\t\t\t<p class=\"text-body e-paragraph-base\" data-interaction-id=\"943559c\"  data-e-type=\"widget\" data-id=\"943559c\">\n\t\t\t\t\t\t\t\tUm Informationen \u00fcber die Entwicklung der Grundwasserst\u00e4nde in einem bestimmten Gebiet zu sammeln, werden Grundwassermessstellen errichtet. Hierbei kann man problemlos \u00fcber einen gro\u00dfen Zeitraum den Grundwasserstand protokollieren oder Wasserproben entnehmen. Bei gr\u00f6\u00dferen Messstellen kann auch ein Pumpversuch durchgef\u00fchrt werden.\n\t\t\t\t\t<\/p>\n\t\t\t\t\t\t\t\t<p class=\"text-body e-paragraph-base\" data-interaction-id=\"131bd6e\"  data-e-type=\"widget\" data-id=\"131bd6e\">\n\t\t\t\t\t\t\t\tDer Abschluss der Grundwassermessstelle kann als \u00dcberflurmessstelle mittels verzinktem Stahlrohr, verschlie\u00dfbarer Kappe und Anprallschutz erfolgen oder als Unterflur in einem tagwasserdichten Schacht.\n\t\t\t\t\t<\/p>\n\t\t\t\t\t\t\t\t<p class=\"text-body e-paragraph-base\" data-interaction-id=\"d4d276b\"  data-e-type=\"widget\" data-id=\"d4d276b\">\n\t\t\t\t\t\t\t\tWir bieten Grundwassermessstellen in den Dimensionen von DN 35 (1 1\/4\u201c) \u2013 DN 150 (6\u201c) an. In der Regel werden Grundwassermessstellen mit PVC Rohren ausgebaut. (Je nach Anforderung wie zum Beispiel bei Altlasten kommen Ausbauten in HD-PE, verzinkten Stahl oder Edelstahl zum Einsatz.)\n\t\t\t\t\t<\/p>\n\t\t\t\t\t    \t            <button class=\"button-primary text-body-small-accent-vers e-button-base\" data-interaction-id=\"d208c32\"  data-e-type=\"widget\" data-id=\"d208c32\">\n            Kontakt aufnehmen\n        <\/button>\n    \t\t\t\t<\/div>\n\t\t\t\t<div class=\"elementor-element elementor-element-42c6239 e-con e-atomic-element e-div-block-base container-basic reveal-on-scroll\" data-id=\"42c6239\" data-element_type=\"e-div-block\" data-e-type=\"e-div-block\" data-interaction-id=\"42c6239\" data-e-type=\"e-div-block\" data-id=\"42c6239\">\n\t\t\t\t<div class=\"elementor-element elementor-element-f54012d elementor--h-position-center elementor--v-position-middle elementor-arrows-position-inside elementor-widget elementor-widget-slides\" data-id=\"f54012d\" data-element_type=\"widget\" data-e-type=\"widget\" data-settings=\"{&quot;navigation&quot;:&quot;arrows&quot;,&quot;autoplay&quot;:&quot;yes&quot;,&quot;pause_on_hover&quot;:&quot;yes&quot;,&quot;pause_on_interaction&quot;:&quot;yes&quot;,&quot;autoplay_speed&quot;:5000,&quot;infinite&quot;:&quot;yes&quot;,&quot;transition&quot;:&quot;slide&quot;,&quot;transition_speed&quot;:500}\" data-widget_type=\"slides.default\">\n\t\t\t\t\t\t\t\t\t\t<div class=\"elementor-slides-wrapper elementor-main-swiper swiper\" role=\"region\" aria-roledescription=\"carousel\" aria-label=\"Slider\" dir=\"ltr\" data-animation=\"fadeInUp\">\n\t\t\t\t<div class=\"swiper-wrapper elementor-slides\">\n\t\t\t\t\t\t\t\t\t\t<div class=\"elementor-repeater-item-74aebe1 swiper-slide\" role=\"group\" aria-roledescription=\"slide\"><div class=\"swiper-slide-bg\" role=\"img\" aria-label=\"image2.jpg\"><\/div><div class=\"swiper-slide-inner\" ><div class=\"swiper-slide-contents\"><\/div><\/div><\/div><div class=\"elementor-repeater-item-5b002a1 swiper-slide\" role=\"group\" aria-roledescription=\"slide\"><div class=\"swiper-slide-bg\" role=\"img\" aria-label=\"image1309x411.jpg\"><\/div><div class=\"swiper-slide-inner\" ><div class=\"swiper-slide-contents\"><\/div><\/div><\/div><div class=\"elementor-repeater-item-6b07e8b swiper-slide\" role=\"group\" aria-roledescription=\"slide\"><div class=\"swiper-slide-bg\" role=\"img\" aria-label=\"grundwassermessstelle-bohrung-trockenbohrung\"><\/div><div class=\"swiper-slide-inner\" ><div class=\"swiper-slide-contents\"><\/div><\/div><\/div>\t\t\t\t<\/div>\n\t\t\t\t\t\t\t\t\t\t\t\t\t\t\t<div class=\"elementor-swiper-button elementor-swiper-button-prev\" role=\"button\" tabindex=\"0\" aria-label=\"Vorheriger Slide\">\n\t\t\t\t\t\t\t<svg aria-hidden=\"true\" class=\"e-font-icon-svg e-eicon-chevron-left\" viewBox=\"0 0 1000 1000\" xmlns=\"http:\/\/www.w3.org\/2000\/svg\"><path d=\"M646 125C629 125 613 133 604 142L308 442C296 454 292 471 292 487 292 504 296 521 308 533L604 854C617 867 629 875 646 875 663 875 679 871 692 858 704 846 713 829 713 812 713 796 708 779 692 767L438 487 692 225C700 217 708 204 708 187 708 171 704 154 692 142 675 129 663 125 646 125Z\"><\/path><\/svg>\t\t\t\t\t\t<\/div>\n\t\t\t\t\t\t<div class=\"elementor-swiper-button elementor-swiper-button-next\" role=\"button\" tabindex=\"0\" aria-label=\"N\u00e4chster Slide\">\n\t\t\t\t\t\t\t<svg aria-hidden=\"true\" class=\"e-font-icon-svg e-eicon-chevron-right\" viewBox=\"0 0 1000 1000\" xmlns=\"http:\/\/www.w3.org\/2000\/svg\"><path d=\"M696 533C708 521 713 504 713 487 713 471 708 454 696 446L400 146C388 133 375 125 354 125 338 125 325 129 313 142 300 154 292 171 292 187 292 204 296 221 308 233L563 492 304 771C292 783 288 800 288 817 288 833 296 850 308 863 321 871 338 875 354 875 371 875 388 867 400 854L696 533Z\"><\/path><\/svg>\t\t\t\t\t\t<\/div>\n\t\t\t\t\t\t\t\t\t\t\t\t\t\t\t\t\t<\/div>\n\t\t\t\t\t\t\t\t<\/div>\n\t\t\t\t<\/div>\n\t\t\t\t<\/div>\n\t\t\t\t<\/div>\n\t\t\t\t<\/div>\n\t\t","protected":false},"excerpt":{"rendered":"<p>Pr\u00e4zise und zuverl\u00e4ssig Grund\u00adwasser\u00admess\u00adstelle Grundwassermessstellen f\u00fcr zuverl\u00e4ssige Kontrolle und Analyse Um Informationen \u00fcber die Entwicklung der Grundwasserst\u00e4nde in einem bestimmten Gebiet zu sammeln, werden Grundwassermessstellen errichtet. Hierbei kann man problemlos \u00fcber einen gro\u00dfen Zeitraum den Grundwasserstand protokollieren oder Wasserproben entnehmen. Bei gr\u00f6\u00dferen Messstellen kann auch ein Pumpversuch durchgef\u00fchrt werden. Der Abschluss der Grundwassermessstelle kann als [&hellip;]<\/p>\n","protected":false},"author":1,"featured_media":0,"parent":25,"menu_order":0,"comment_status":"closed","ping_status":"closed","template":"elementor_header_footer","meta":{"footnotes":""},"class_list":["post-257","page","type-page","status-publish","hentry"],"_links":{"self":[{"href":"https:\/\/bb.kappa-medien.de\/index.php?rest_route=\/wp\/v2\/pages\/257","targetHints":{"allow":["GET"]}}],"collection":[{"href":"https:\/\/bb.kappa-medien.de\/index.php?rest_route=\/wp\/v2\/pages"}],"about":[{"href":"https:\/\/bb.kappa-medien.de\/index.php?rest_route=\/wp\/v2\/types\/page"}],"author":[{"embeddable":true,"href":"https:\/\/bb.kappa-medien.de\/index.php?rest_route=\/wp\/v2\/users\/1"}],"replies":[{"embeddable":true,"href":"https:\/\/bb.kappa-medien.de\/index.php?rest_route=%2Fwp%2Fv2%2Fcomments&post=257"}],"version-history":[{"count":16,"href":"https:\/\/bb.kappa-medien.de\/index.php?rest_route=\/wp\/v2\/pages\/257\/revisions"}],"predecessor-version":[{"id":826,"href":"https:\/\/bb.kappa-medien.de\/index.php?rest_route=\/wp\/v2\/pages\/257\/revisions\/826"}],"up":[{"embeddable":true,"href":"https:\/\/bb.kappa-medien.de\/index.php?rest_route=\/wp\/v2\/pages\/25"}],"wp:attachment":[{"href":"https:\/\/bb.kappa-medien.de\/index.php?rest_route=%2Fwp%2Fv2%2Fmedia&parent=257"}],"curies":[{"name":"wp","href":"https:\/\/api.w.org\/{rel}","templated":true}]}}