{"id":259,"date":"2025-09-17T16:00:08","date_gmt":"2025-09-17T16:00:08","guid":{"rendered":"https:\/\/bb.kappa-medien.de\/?page_id=259"},"modified":"2026-04-29T23:47:52","modified_gmt":"2026-04-29T23:47:52","slug":"beregnungsbrunnen","status":"publish","type":"page","link":"https:\/\/bb.kappa-medien.de\/?page_id=259","title":{"rendered":"Beregnungsbrunnen"},"content":{"rendered":"\t\t<div data-elementor-type=\"wp-page\" data-elementor-id=\"259\" class=\"elementor elementor-259\" data-elementor-post-type=\"page\">\n\t\t\t\t\t\t<div class=\"elementor-element elementor-element-633a40f e-con e-atomic-element e-flexbox-base e-633a40f-0754123 section\" data-id=\"633a40f\" data-element_type=\"e-flexbox\" data-e-type=\"e-flexbox\" data-interaction-id=\"633a40f\" data-e-type=\"e-flexbox\" data-id=\"633a40f\">\n\t\t\t\t<div class=\"elementor-element elementor-element-7fe3d2f e-con e-atomic-element e-flexbox-base e-7fe3d2f-9bba348 wrapper\" data-id=\"7fe3d2f\" data-element_type=\"e-flexbox\" data-e-type=\"e-flexbox\" data-interaction-id=\"7fe3d2f\" data-e-type=\"e-flexbox\" data-id=\"7fe3d2f\">\n\t\t\t\t<div class=\"elementor-element elementor-element-4f64419 e-con e-atomic-element e-flexbox-base DUP_hero-content-wrapper\" data-id=\"4f64419\" data-element_type=\"e-flexbox\" data-e-type=\"e-flexbox\" data-interaction-id=\"4f64419\" data-e-type=\"e-flexbox\" data-id=\"4f64419\">\n\t\t\t\t<div class=\"elementor-element elementor-element-dac62c9 e-con e-atomic-element e-flexbox-base e-dac62c9-7099262\" data-id=\"dac62c9\" data-element_type=\"e-flexbox\" data-e-type=\"e-flexbox\" data-interaction-id=\"dac62c9\" data-e-type=\"e-flexbox\" data-id=\"dac62c9\">\n\t\t\t\t\t<div class=\"e-aba0c04-b1c0624 e-svg-base\" data-interaction-id=\"aba0c04\" data-e-type=\"widget\" data-id=\"aba0c04\"><svg xmlns=\"http:\/\/www.w3.org\/2000\/svg\" fill=\"currentColor\" style=\"width: 100%; height: 100%; overflow: unset;\" id=\"Layer_1\" viewBox=\"0 0 512 512\"><defs><style>      .st0 {        fill: #03a9ef;      }      .st1 {        fill: #fff;      }    <\/style><\/defs><path class=\"st0\" d=\"M438.4,329.6c0,101.3-82.1,182.4-182.4,182.4s-182.4-81.1-182.4-182.4S256,0,256,0c0,0,182.4,229.3,182.4,329.6Z\"><\/path><path class=\"st1\" d=\"M256,464c-73.6,0-134.4-59.7-134.4-134.4s7.5-16,16-16,16,7.5,16,16c0,56.5,45.9,102.4,102.4,102.4s16,7.5,16,16-7.5,16-16,16Z\"><\/path><\/svg><\/div>\t\t\t\t\t\t\t\t<p class=\"text-body e-ea7c74d-6e94f51 e-paragraph-base\" data-interaction-id=\"ea7c74d\"  data-e-type=\"widget\" data-id=\"ea7c74d\">\n\t\t\t\t\t\t\t\tLeistungsstark und zuverl\u00e4ssig\n\t\t\t\t\t<\/p>\n\t\t\t\t<\/div>\n\t\t\t\t<div class=\"elementor-element elementor-element-2311afe e-con e-atomic-element e-flexbox-base e-2311afe-7fffb46 reveal-on-load\" data-id=\"2311afe\" data-element_type=\"e-flexbox\" data-e-type=\"e-flexbox\" data-interaction-id=\"2311afe\" data-e-type=\"e-flexbox\" data-id=\"2311afe\">\n\t\t\t\t\t\t\t\t<p class=\"e-e955a15-85934cb h1-text reveal-on-load e-paragraph-base\" data-interaction-id=\"e955a15\"  data-e-type=\"widget\" data-id=\"e955a15\">\n\t\t\t\t\t\t\t\tBe\u00adreg\u00adnungs\u00adbrun\u00adnen\n\t\t\t\t\t<\/p>\n\t\t\t\t<div class=\"elementor-element elementor-element-76cac25 elementor-widget elementor-widget-html\" data-id=\"76cac25\" data-element_type=\"widget\" data-e-type=\"widget\" data-widget_type=\"html.default\">\n\t\t\t\t\t<script>\ndocument.addEventListener('DOMContentLoaded', function () {\n  const reveal = (el, delay = 30) => {\n    if (el.classList.contains('is-revealed')) return;\n    setTimeout(() => {\n      el.classList.add('is-revealed');\n    }, delay);\n  };\n\n  \/\/ Elemente, die direkt beim Laden starten sollen\n  document.querySelectorAll('.reveal-on-load').forEach((el) => {\n    reveal(el, 30);\n  });\n\n  \/\/ Elemente, die erst beim Scrollen starten sollen\n  const scrollElements = document.querySelectorAll('.reveal-on-scroll');\n\n  if ('IntersectionObserver' in window) {\n    const observer = new IntersectionObserver((entries, observer) => {\n      entries.forEach((entry) => {\n        if (entry.isIntersecting) {\n          reveal(entry.target, 30);\n          observer.unobserve(entry.target);\n        }\n      });\n    }, {\n      threshold: 0.15,\n      rootMargin: '0px 0px -5% 0px'\n    });\n\n    scrollElements.forEach((el) => observer.observe(el));\n  } else {\n    \/\/ Fallback f\u00fcr alte Browser\n    scrollElements.forEach((el) => reveal(el, 30));\n  }\n});\n<\/script>\t\t\t\t<\/div>\n\t\t\t\t\t\t\t\n\t\t<img class=\"e-image-base e-d2afc52-b7fd02c\" \n\t\t\t\t\tdata-interaction-id=\"d2afc52\" \n\t\t \n\t\t data-e-type=\"widget\" data-id=\"d2afc52\"\n\t\t\t\t\t\t\t\t\tid=\"49\"\n\t\t\t\t\t\t\t\t\t\t\t\tsrc=\"https:\/\/bb.kappa-medien.de\/wp-content\/uploads\/2025\/09\/drop-pattern.png\"\n\t\t\t\t\t\t\t\t\t\t\t\twidth=\"400\"\n\t\t\t\t\t\t\t\t\t\t\t\theight=\"192\"\n\t\t\t\t\t\t\t\t\t\t\t\tsrcset=\"https:\/\/bb.kappa-medien.de\/wp-content\/uploads\/2025\/09\/drop-pattern.png 400w, https:\/\/bb.kappa-medien.de\/wp-content\/uploads\/2025\/09\/drop-pattern-300x144.png 300w\"\n\t\t\t\t\t\t\t\t\t\t\t\talt=\"\"\n\t\t\t\t\t\t\/>\n\t\t\t\t\t<\/div>\n\t\t\t\t<\/div>\n\t\t\t\t<\/div>\n\t\t\t\t<\/div>\n\t\t\t\t<div class=\"elementor-element elementor-element-fda6501 e-con e-atomic-element e-div-block-base section e-fda6501-e10c4b5\" data-id=\"fda6501\" data-element_type=\"e-div-block\" data-e-type=\"e-div-block\" data-interaction-id=\"fda6501\" data-e-type=\"e-div-block\" data-id=\"fda6501\">\n\t\t\t\t<div class=\"elementor-element elementor-element-662bad9 e-con e-atomic-element e-flexbox-base wrapper\" data-id=\"662bad9\" data-element_type=\"e-flexbox\" data-e-type=\"e-flexbox\" data-interaction-id=\"662bad9\" data-e-type=\"e-flexbox\" data-id=\"662bad9\">\n\t\t\t\t<div class=\"elementor-element elementor-element-1b9444a e-con e-atomic-element e-div-block-base container-basic\" data-id=\"1b9444a\" data-element_type=\"e-div-block\" data-e-type=\"e-div-block\" data-interaction-id=\"1b9444a\" data-e-type=\"e-div-block\" data-id=\"1b9444a\">\n\t\t\t\t\t\t\t<h2 \n\t\tdata-interaction-id=\"4df0892\" \n\t\tclass=\"text-h2 reveal-on-scroll e-heading-base\" \n\t\t \n\t\tdata-e-type=\"widget\" data-id=\"4df0892\"\n\t>\n\t\n\t\t\tBeregnungsbrunnen f\u00fcr Landwirtschaft, Sportanlagen und Gr\u00fcnfl\u00e4chen\n\t\t<\/h2>\n\t\t\t\t\t\t\t\t<p class=\"text-body e-paragraph-base\" data-interaction-id=\"7c27877\"  data-e-type=\"widget\" data-id=\"7c27877\">\n\t\t\t\t\t\t\t\tWir erstellen Beregnungsbrunnen aller Leistungsklassen im Trockenbohrverfahren \u2013 f\u00fcr Landwirtschaft, Sportanlagen, Garten u. Landschaftsbau, Tennispl\u00e4tzen, Pferderennbahnen.\n\t\t\t\t\t<\/p>\n\t\t\t\t\t\t\t\t<p class=\"text-body e-paragraph-base\" data-interaction-id=\"dc2fd0a\"  data-e-type=\"widget\" data-id=\"dc2fd0a\">\n\t\t\t\t\t\t\t\tBei Beregnungsbrunnen kommen je nach Anforderung und ben\u00f6tigter F\u00f6rdermenge (ca. 15 m\u00b3\/h \u2013 80 m\u00b3\/h) in der Regel Brunnen in der Gr\u00f6\u00dfenordnung von 6 \u2013 8 Zoll zum Einsatz. Diese werden je nach geologischen Verh\u00e4ltnissen meist im Trockenbohrverfahren (Bohrdurchmesser 275 \u2013 419 mm)  abgeteuft.\n\t\t\t\t\t<\/p>\n\t\t\t\t\t\t\t\t<p class=\"text-body e-paragraph-base\" data-interaction-id=\"2aa483d\"  data-e-type=\"widget\" data-id=\"2aa483d\">\n\t\t\t\t\t\t\t\tIhr kompetenter Ansprechpartner f\u00fcr Ihr Bauvorhaben aus einer Hand \u2013 Von der Bedarfsermittlung, \u00fcber Antr\u00e4ge beim zust\u00e4ndigen Landratsamt, die Bohrausf\u00fchrung, bis hin zur Installation der passenden Pumpentechnik sowie der Wasseraufbereitung und Steuerung der f\u00fcr passenden Anlage. Durch die pers\u00f6nliche Zusammenarbeit mit namhaften Herstellern k\u00f6nnen wir Ihnen individuelle L\u00f6sungen f\u00fcr Ihr Projekt anbieten.\n\t\t\t\t\t<\/p>\n\t\t\t\t\t    \t            <button class=\"button-primary text-body-small-accent-vers e-button-base\" data-interaction-id=\"33a3652\"  data-e-type=\"widget\" data-id=\"33a3652\">\n            Kontakt aufnehmen\n        <\/button>\n    \t\t\t\t<\/div>\n\t\t\t\t<div class=\"elementor-element elementor-element-89b060f e-con e-atomic-element e-div-block-base container-basic reveal-on-scroll\" data-id=\"89b060f\" data-element_type=\"e-div-block\" data-e-type=\"e-div-block\" data-interaction-id=\"89b060f\" data-e-type=\"e-div-block\" data-id=\"89b060f\">\n\t\t\t\t<div class=\"elementor-element elementor-element-6e1237e elementor--h-position-center elementor--v-position-middle elementor-arrows-position-inside elementor-widget elementor-widget-slides\" data-id=\"6e1237e\" data-element_type=\"widget\" data-e-type=\"widget\" data-settings=\"{&quot;navigation&quot;:&quot;arrows&quot;,&quot;autoplay&quot;:&quot;yes&quot;,&quot;pause_on_hover&quot;:&quot;yes&quot;,&quot;pause_on_interaction&quot;:&quot;yes&quot;,&quot;autoplay_speed&quot;:5000,&quot;infinite&quot;:&quot;yes&quot;,&quot;transition&quot;:&quot;slide&quot;,&quot;transition_speed&quot;:500}\" data-widget_type=\"slides.default\">\n\t\t\t\t\t\t\t\t\t\t<div class=\"elementor-slides-wrapper elementor-main-swiper swiper\" role=\"region\" aria-roledescription=\"carousel\" aria-label=\"Slider\" dir=\"ltr\" data-animation=\"fadeInUp\">\n\t\t\t\t<div class=\"swiper-wrapper elementor-slides\">\n\t\t\t\t\t\t\t\t\t\t<div class=\"elementor-repeater-item-74aebe1 swiper-slide\" role=\"group\" aria-roledescription=\"slide\"><div class=\"swiper-slide-bg\" role=\"img\" aria-label=\"beregnungsbrunnen-landwirtschaft-feldberegnung-bewaesserung\"><\/div><div class=\"swiper-slide-inner\" ><div class=\"swiper-slide-contents\"><\/div><\/div><\/div><div class=\"elementor-repeater-item-8c2ca33 swiper-slide\" role=\"group\" aria-roledescription=\"slide\"><div class=\"swiper-slide-bg\" role=\"img\" aria-label=\"beregnungsbrunnen-landwirtschaft-feldberegnung-bewaesserung\"><\/div><div class=\"swiper-slide-inner\" ><div class=\"swiper-slide-contents\"><\/div><\/div><\/div>\t\t\t\t<\/div>\n\t\t\t\t\t\t\t\t\t\t\t\t\t\t\t<div class=\"elementor-swiper-button elementor-swiper-button-prev\" role=\"button\" tabindex=\"0\" aria-label=\"Vorheriger Slide\">\n\t\t\t\t\t\t\t<svg aria-hidden=\"true\" class=\"e-font-icon-svg e-eicon-chevron-left\" viewBox=\"0 0 1000 1000\" xmlns=\"http:\/\/www.w3.org\/2000\/svg\"><path d=\"M646 125C629 125 613 133 604 142L308 442C296 454 292 471 292 487 292 504 296 521 308 533L604 854C617 867 629 875 646 875 663 875 679 871 692 858 704 846 713 829 713 812 713 796 708 779 692 767L438 487 692 225C700 217 708 204 708 187 708 171 704 154 692 142 675 129 663 125 646 125Z\"><\/path><\/svg>\t\t\t\t\t\t<\/div>\n\t\t\t\t\t\t<div class=\"elementor-swiper-button elementor-swiper-button-next\" role=\"button\" tabindex=\"0\" aria-label=\"N\u00e4chster Slide\">\n\t\t\t\t\t\t\t<svg aria-hidden=\"true\" class=\"e-font-icon-svg e-eicon-chevron-right\" viewBox=\"0 0 1000 1000\" xmlns=\"http:\/\/www.w3.org\/2000\/svg\"><path d=\"M696 533C708 521 713 504 713 487 713 471 708 454 696 446L400 146C388 133 375 125 354 125 338 125 325 129 313 142 300 154 292 171 292 187 292 204 296 221 308 233L563 492 304 771C292 783 288 800 288 817 288 833 296 850 308 863 321 871 338 875 354 875 371 875 388 867 400 854L696 533Z\"><\/path><\/svg>\t\t\t\t\t\t<\/div>\n\t\t\t\t\t\t\t\t\t\t\t\t\t\t\t\t\t<\/div>\n\t\t\t\t\t\t\t\t<\/div>\n\t\t\t\t<\/div>\n\t\t\t\t<\/div>\n\t\t\t\t<\/div>\n\t\t\t\t<\/div>\n\t\t","protected":false},"excerpt":{"rendered":"<p>Leistungsstark und zuverl\u00e4ssig Be\u00adreg\u00adnungs\u00adbrun\u00adnen Beregnungsbrunnen f\u00fcr Landwirtschaft, Sportanlagen und Gr\u00fcnfl\u00e4chen Wir erstellen Beregnungsbrunnen aller Leistungsklassen im Trockenbohrverfahren \u2013 f\u00fcr Landwirtschaft, Sportanlagen, Garten u. Landschaftsbau, Tennispl\u00e4tzen, Pferderennbahnen. Bei Beregnungsbrunnen kommen je nach Anforderung und ben\u00f6tigter F\u00f6rdermenge (ca. 15 m\u00b3\/h \u2013 80 m\u00b3\/h) in der Regel Brunnen in der Gr\u00f6\u00dfenordnung von 6 \u2013 8 Zoll zum Einsatz. [&hellip;]<\/p>\n","protected":false},"author":1,"featured_media":0,"parent":25,"menu_order":0,"comment_status":"closed","ping_status":"closed","template":"elementor_header_footer","meta":{"footnotes":""},"class_list":["post-259","page","type-page","status-publish","hentry"],"_links":{"self":[{"href":"https:\/\/bb.kappa-medien.de\/index.php?rest_route=\/wp\/v2\/pages\/259","targetHints":{"allow":["GET"]}}],"collection":[{"href":"https:\/\/bb.kappa-medien.de\/index.php?rest_route=\/wp\/v2\/pages"}],"about":[{"href":"https:\/\/bb.kappa-medien.de\/index.php?rest_route=\/wp\/v2\/types\/page"}],"author":[{"embeddable":true,"href":"https:\/\/bb.kappa-medien.de\/index.php?rest_route=\/wp\/v2\/users\/1"}],"replies":[{"embeddable":true,"href":"https:\/\/bb.kappa-medien.de\/index.php?rest_route=%2Fwp%2Fv2%2Fcomments&post=259"}],"version-history":[{"count":10,"href":"https:\/\/bb.kappa-medien.de\/index.php?rest_route=\/wp\/v2\/pages\/259\/revisions"}],"predecessor-version":[{"id":838,"href":"https:\/\/bb.kappa-medien.de\/index.php?rest_route=\/wp\/v2\/pages\/259\/revisions\/838"}],"up":[{"embeddable":true,"href":"https:\/\/bb.kappa-medien.de\/index.php?rest_route=\/wp\/v2\/pages\/25"}],"wp:attachment":[{"href":"https:\/\/bb.kappa-medien.de\/index.php?rest_route=%2Fwp%2Fv2%2Fmedia&parent=259"}],"curies":[{"name":"wp","href":"https:\/\/api.w.org\/{rel}","templated":true}]}}