{"id":263,"date":"2025-09-17T16:00:29","date_gmt":"2025-09-17T16:00:29","guid":{"rendered":"https:\/\/bb.kappa-medien.de\/?page_id=263"},"modified":"2026-04-29T23:39:42","modified_gmt":"2026-04-29T23:39:42","slug":"aufschlussbohrung","status":"publish","type":"page","link":"https:\/\/bb.kappa-medien.de\/?page_id=263","title":{"rendered":"Aufschlussbohrung"},"content":{"rendered":"\t\t<div data-elementor-type=\"wp-page\" data-elementor-id=\"263\" class=\"elementor elementor-263\" data-elementor-post-type=\"page\">\n\t\t\t\t\t\t<div class=\"elementor-element elementor-element-9b63af6 e-con e-atomic-element e-flexbox-base e-9b63af6-ac96a4c section\" data-id=\"9b63af6\" data-element_type=\"e-flexbox\" data-e-type=\"e-flexbox\" data-interaction-id=\"9b63af6\" data-e-type=\"e-flexbox\" data-id=\"9b63af6\">\n\t\t\t\t<div class=\"elementor-element elementor-element-3957ef4 e-con e-atomic-element e-flexbox-base e-3957ef4-b9ba6bd wrapper\" data-id=\"3957ef4\" data-element_type=\"e-flexbox\" data-e-type=\"e-flexbox\" data-interaction-id=\"3957ef4\" data-e-type=\"e-flexbox\" data-id=\"3957ef4\">\n\t\t\t\t<div class=\"elementor-element elementor-element-5db3ad7 e-con e-atomic-element e-flexbox-base DUP_hero-content-wrapper\" data-id=\"5db3ad7\" data-element_type=\"e-flexbox\" data-e-type=\"e-flexbox\" data-interaction-id=\"5db3ad7\" data-e-type=\"e-flexbox\" data-id=\"5db3ad7\">\n\t\t\t\t<div class=\"elementor-element elementor-element-a789b54 e-con e-atomic-element e-flexbox-base e-a789b54-b05cf47\" data-id=\"a789b54\" data-element_type=\"e-flexbox\" data-e-type=\"e-flexbox\" data-interaction-id=\"a789b54\" data-e-type=\"e-flexbox\" data-id=\"a789b54\">\n\t\t\t\t\t<div class=\"e-9e04aa9-0eb88f2 e-svg-base\" data-interaction-id=\"9e04aa9\" data-e-type=\"widget\" data-id=\"9e04aa9\"><svg xmlns=\"http:\/\/www.w3.org\/2000\/svg\" fill=\"currentColor\" style=\"width: 100%; height: 100%; overflow: unset;\" id=\"Layer_1\" viewBox=\"0 0 512 512\"><defs><style>      .st0 {        fill: #03a9ef;      }      .st1 {        fill: #fff;      }    <\/style><\/defs><path class=\"st0\" d=\"M438.4,329.6c0,101.3-82.1,182.4-182.4,182.4s-182.4-81.1-182.4-182.4S256,0,256,0c0,0,182.4,229.3,182.4,329.6Z\"><\/path><path class=\"st1\" d=\"M256,464c-73.6,0-134.4-59.7-134.4-134.4s7.5-16,16-16,16,7.5,16,16c0,56.5,45.9,102.4,102.4,102.4s16,7.5,16,16-7.5,16-16,16Z\"><\/path><\/svg><\/div>\t\t\t\t\t\t\t\t<p class=\"text-body e-0992485-1e6d109 e-paragraph-base\" data-interaction-id=\"0992485\"  data-e-type=\"widget\" data-id=\"0992485\">\n\t\t\t\t\t\t\t\tPr\u00e4zise und aufschlussreich\n\t\t\t\t\t<\/p>\n\t\t\t\t<\/div>\n\t\t\t\t<div class=\"elementor-element elementor-element-06833ab e-con e-atomic-element e-flexbox-base e-06833ab-81283ca reveal-on-load\" data-id=\"06833ab\" data-element_type=\"e-flexbox\" data-e-type=\"e-flexbox\" data-interaction-id=\"06833ab\" data-e-type=\"e-flexbox\" data-id=\"06833ab\">\n\t\t\t\t\t\t\t\t<p class=\"e-8bdcbce-1cddb16 h1-text reveal-on-load e-paragraph-base\" data-interaction-id=\"8bdcbce\"  data-e-type=\"widget\" data-id=\"8bdcbce\">\n\t\t\t\t\t\t\t\tAufschlussbohrung\n\t\t\t\t\t<\/p>\n\t\t\t\t<div class=\"elementor-element elementor-element-d0c8bf7 elementor-widget elementor-widget-html\" data-id=\"d0c8bf7\" data-element_type=\"widget\" data-e-type=\"widget\" data-widget_type=\"html.default\">\n\t\t\t\t\t<script>\ndocument.addEventListener('DOMContentLoaded', function () {\n  const reveal = (el, delay = 30) => {\n    if (el.classList.contains('is-revealed')) return;\n    setTimeout(() => {\n      el.classList.add('is-revealed');\n    }, delay);\n  };\n\n  \/\/ Elemente, die direkt beim Laden starten sollen\n  document.querySelectorAll('.reveal-on-load').forEach((el) => {\n    reveal(el, 30);\n  });\n\n  \/\/ Elemente, die erst beim Scrollen starten sollen\n  const scrollElements = document.querySelectorAll('.reveal-on-scroll');\n\n  if ('IntersectionObserver' in window) {\n    const observer = new IntersectionObserver((entries, observer) => {\n      entries.forEach((entry) => {\n        if (entry.isIntersecting) {\n          reveal(entry.target, 30);\n          observer.unobserve(entry.target);\n        }\n      });\n    }, {\n      threshold: 0.15,\n      rootMargin: '0px 0px -5% 0px'\n    });\n\n    scrollElements.forEach((el) => observer.observe(el));\n  } else {\n    \/\/ Fallback f\u00fcr alte Browser\n    scrollElements.forEach((el) => reveal(el, 30));\n  }\n});\n<\/script>\t\t\t\t<\/div>\n\t\t\t\t\t\t\t\n\t\t<img class=\"e-image-base e-c7a072f-0ef2b5c\" \n\t\t\t\t\tdata-interaction-id=\"c7a072f\" \n\t\t \n\t\t data-e-type=\"widget\" data-id=\"c7a072f\"\n\t\t\t\t\t\t\t\t\tid=\"49\"\n\t\t\t\t\t\t\t\t\t\t\t\tsrc=\"https:\/\/bb.kappa-medien.de\/wp-content\/uploads\/2025\/09\/drop-pattern.png\"\n\t\t\t\t\t\t\t\t\t\t\t\twidth=\"400\"\n\t\t\t\t\t\t\t\t\t\t\t\theight=\"192\"\n\t\t\t\t\t\t\t\t\t\t\t\tsrcset=\"https:\/\/bb.kappa-medien.de\/wp-content\/uploads\/2025\/09\/drop-pattern.png 400w, https:\/\/bb.kappa-medien.de\/wp-content\/uploads\/2025\/09\/drop-pattern-300x144.png 300w\"\n\t\t\t\t\t\t\t\t\t\t\t\talt=\"\"\n\t\t\t\t\t\t\/>\n\t\t\t\t\t<\/div>\n\t\t\t\t<\/div>\n\t\t\t\t<\/div>\n\t\t\t\t<\/div>\n\t\t\t\t<div class=\"elementor-element elementor-element-ce35c8f e-con e-atomic-element e-div-block-base section e-ce35c8f-3156bf7\" data-id=\"ce35c8f\" data-element_type=\"e-div-block\" data-e-type=\"e-div-block\" data-interaction-id=\"ce35c8f\" data-e-type=\"e-div-block\" data-id=\"ce35c8f\">\n\t\t\t\t<div class=\"elementor-element elementor-element-03c1da9 e-con e-atomic-element e-flexbox-base wrapper\" data-id=\"03c1da9\" data-element_type=\"e-flexbox\" data-e-type=\"e-flexbox\" data-interaction-id=\"03c1da9\" data-e-type=\"e-flexbox\" data-id=\"03c1da9\">\n\t\t\t\t<div class=\"elementor-element elementor-element-dc6e374 e-con e-atomic-element e-div-block-base container-basic\" data-id=\"dc6e374\" data-element_type=\"e-div-block\" data-e-type=\"e-div-block\" data-interaction-id=\"dc6e374\" data-e-type=\"e-div-block\" data-id=\"dc6e374\">\n\t\t\t\t\t\t\t<h2 \n\t\tdata-interaction-id=\"a4dc6dd\" \n\t\tclass=\"text-h2 reveal-on-scroll e-heading-base\" \n\t\t \n\t\tdata-e-type=\"widget\" data-id=\"a4dc6dd\"\n\t>\n\t\n\t\t\tAufschlussbohrungen f\u00fcr sichere Erkenntnisse \u00fcber den Untergrund\n\t\t<\/h2>\n\t\t\t\t\t\t\t\t<p class=\"text-body e-paragraph-base\" data-interaction-id=\"8d38f6d\"  data-e-type=\"widget\" data-id=\"8d38f6d\">\n\t\t\t\t\t\t\t\tAufschlussbohrungen oder auch Kernbohrungen werden zur Erkundung der geologischen und hydrogeologischen Verh\u00e4ltnisse im Untergrund durchgef\u00fchrt. Die gewonnenen Erkenntnisse dienen als wichtige Grundlagen f\u00fcr weitergehende Untersuchungen und Planungen Ihrer Bauvorhaben.\n\t\t\t\t\t<\/p>\n\t\t\t\t\t\t\t\t<p class=\"text-body e-paragraph-base\" data-interaction-id=\"1fecfc5\"  data-e-type=\"widget\" data-id=\"1fecfc5\">\n\t\t\t\t\t\t\t\tEines unserer Bet\u00e4tigungsfelder sind Aufschlussbohrungen f\u00fcr geologische Baugrundgutachten. Diese Gutachten sind bei gr\u00f6\u00dferen Bauvorhaben sowie bei schwierigen Baugrundverh\u00e4ltnissen von besonderer Bedeutung. Sie dienen Statikern als Grundlage f\u00fcr ihre Berechnungen und in vielen F\u00e4llen wird bares Geld f\u00fcr die Gr\u00fcndung gespart. Aufschlussbohrungen werden z.B. auch f\u00fcr Altlastuntersuchungen verwendet. W\u00e4hrend der Bohrung werden Boden- bzw. Wasserproben entnommen. Der Bohrkern wird in Kernkisten ausgelegt und durch einen Geologen angesprochen. Meist werden Proben des Bohrkerns f\u00fcr chemische Untersuchungen oder eine Siebanalyse zur Bestimmung der Korngr\u00f6\u00dfenverteilung entnommen.\n\t\t\t\t\t<\/p>\n\t\t\t\t\t\t\t\t<p class=\"text-body e-paragraph-base\" data-interaction-id=\"a252846\"  data-e-type=\"widget\" data-id=\"a252846\">\n\t\t\t\t\t\t\t\tW\u00e4hrend der Bohrung wird ein Schichtenverzeichnis zur Dokumentation der Bodenart, Konsistenz, Farbe bzw. Festigkeit erstellt. Aufschlussbohrungen werden auch zur Lagerst\u00e4ttenerkundung eingesetzt, z. B. f\u00fcr den Kies oder Sandabbau. Die Bohrungen dienen dazu um Informationen \u00fcber die Menge und Qualit\u00e4t der Vorkommen zu gewinnen. Aufschlussbohrungen erfolgen in der Regel als Trockenbohrung &nbsp;mit einem D\u00fcsterlohrammhammer und Rammschappe.\n\t\t\t\t\t<\/p>\n\t\t\t\t\t\t\t\t<p class=\"text-body e-paragraph-base\" data-interaction-id=\"6f4f3e1\"  data-e-type=\"widget\" data-id=\"6f4f3e1\">\n\t\t\t\t\t\t\t\tNach Beendigung der Bohrung wird je nach Vorgabe des zust\u00e4ndigen Amtes die Bohrung zu einer Grundwassermessstelle ausgebaut, schichtgetreu verf\u00fcllt oder mit einem hydraulischen Dichtmittel verpresst. Je nach Anforderung von Gel\u00e4nde, Bohrtiefe und des Bohrdurchmessers wird die entsprechende Bohranlage ausgew\u00e4hlt. Hierf\u00fcr stehen Bohrdurchmesser von 175 \u2013 324 mm zur Verf\u00fcgung.\n\t\t\t\t\t<\/p>\n\t\t\t\t\t    \t            <button class=\"button-primary text-body-small-accent-vers e-button-base\" data-interaction-id=\"d7647fe\"  data-e-type=\"widget\" data-id=\"d7647fe\">\n            Kontakt aufnehmen\n        <\/button>\n    \t\t\t\t<\/div>\n\t\t\t\t<div class=\"elementor-element elementor-element-f06d351 e-con e-atomic-element e-div-block-base container-basic reveal-on-scroll\" data-id=\"f06d351\" data-element_type=\"e-div-block\" data-e-type=\"e-div-block\" data-interaction-id=\"f06d351\" data-e-type=\"e-div-block\" data-id=\"f06d351\">\n\t\t\t\t\t\t\t\n\t\t<img class=\"e-image-base image-basic\" \n\t\t\t\t\tdata-interaction-id=\"1e71edf\" \n\t\t \n\t\t data-e-type=\"widget\" data-id=\"1e71edf\"\n\t\t\t\t\t\t\t\t\tid=\"726\"\n\t\t\t\t\t\t\t\t\t\t\t\tsrc=\"https:\/\/bb.kappa-medien.de\/wp-content\/uploads\/2026\/04\/aufschlussbohrung-kernkiste-bodenproben-schichtenprofil.jpg\"\n\t\t\t\t\t\t\t\t\t\t\t\twidth=\"645\"\n\t\t\t\t\t\t\t\t\t\t\t\theight=\"799\"\n\t\t\t\t\t\t\t\t\t\t\t\tsrcset=\"https:\/\/bb.kappa-medien.de\/wp-content\/uploads\/2026\/04\/aufschlussbohrung-kernkiste-bodenproben-schichtenprofil.jpg 645w, https:\/\/bb.kappa-medien.de\/wp-content\/uploads\/2026\/04\/aufschlussbohrung-kernkiste-bodenproben-schichtenprofil-242x300.jpg 242w\"\n\t\t\t\t\t\t\t\t\t\t\t\talt=\"\"\n\t\t\t\t\t\t\/>\n\t\t\t\t\t<\/div>\n\t\t\t\t<\/div>\n\t\t\t\t<\/div>\n\t\t\t\t<\/div>\n\t\t","protected":false},"excerpt":{"rendered":"<p>Pr\u00e4zise und aufschlussreich Aufschlussbohrung Aufschlussbohrungen f\u00fcr sichere Erkenntnisse \u00fcber den Untergrund Aufschlussbohrungen oder auch Kernbohrungen werden zur Erkundung der geologischen und hydrogeologischen Verh\u00e4ltnisse im Untergrund durchgef\u00fchrt. Die gewonnenen Erkenntnisse dienen als wichtige Grundlagen f\u00fcr weitergehende Untersuchungen und Planungen Ihrer Bauvorhaben. Eines unserer Bet\u00e4tigungsfelder sind Aufschlussbohrungen f\u00fcr geologische Baugrundgutachten. Diese Gutachten sind bei gr\u00f6\u00dferen Bauvorhaben sowie [&hellip;]<\/p>\n","protected":false},"author":1,"featured_media":0,"parent":25,"menu_order":0,"comment_status":"closed","ping_status":"closed","template":"","meta":{"footnotes":""},"class_list":["post-263","page","type-page","status-publish","hentry"],"_links":{"self":[{"href":"https:\/\/bb.kappa-medien.de\/index.php?rest_route=\/wp\/v2\/pages\/263","targetHints":{"allow":["GET"]}}],"collection":[{"href":"https:\/\/bb.kappa-medien.de\/index.php?rest_route=\/wp\/v2\/pages"}],"about":[{"href":"https:\/\/bb.kappa-medien.de\/index.php?rest_route=\/wp\/v2\/types\/page"}],"author":[{"embeddable":true,"href":"https:\/\/bb.kappa-medien.de\/index.php?rest_route=\/wp\/v2\/users\/1"}],"replies":[{"embeddable":true,"href":"https:\/\/bb.kappa-medien.de\/index.php?rest_route=%2Fwp%2Fv2%2Fcomments&post=263"}],"version-history":[{"count":4,"href":"https:\/\/bb.kappa-medien.de\/index.php?rest_route=\/wp\/v2\/pages\/263\/revisions"}],"predecessor-version":[{"id":835,"href":"https:\/\/bb.kappa-medien.de\/index.php?rest_route=\/wp\/v2\/pages\/263\/revisions\/835"}],"up":[{"embeddable":true,"href":"https:\/\/bb.kappa-medien.de\/index.php?rest_route=\/wp\/v2\/pages\/25"}],"wp:attachment":[{"href":"https:\/\/bb.kappa-medien.de\/index.php?rest_route=%2Fwp%2Fv2%2Fmedia&parent=263"}],"curies":[{"name":"wp","href":"https:\/\/api.w.org\/{rel}","templated":true}]}}