{"id":265,"date":"2025-09-17T16:00:44","date_gmt":"2025-09-17T16:00:44","guid":{"rendered":"https:\/\/bb.kappa-medien.de\/?page_id=265"},"modified":"2026-04-29T23:55:15","modified_gmt":"2026-04-29T23:55:15","slug":"gartenbrunnen","status":"publish","type":"page","link":"https:\/\/bb.kappa-medien.de\/?page_id=265","title":{"rendered":"Gartenbrunnen"},"content":{"rendered":"\t\t<div data-elementor-type=\"wp-page\" data-elementor-id=\"265\" class=\"elementor elementor-265\" data-elementor-post-type=\"page\">\n\t\t\t\t\t\t<div class=\"elementor-element elementor-element-7b547da e-con e-atomic-element e-flexbox-base e-7b547da-f9ae473 section\" data-id=\"7b547da\" data-element_type=\"e-flexbox\" data-e-type=\"e-flexbox\" data-interaction-id=\"7b547da\" data-e-type=\"e-flexbox\" data-id=\"7b547da\">\n\t\t\t\t<div class=\"elementor-element elementor-element-8232935 e-con e-atomic-element e-flexbox-base e-8232935-afe790c wrapper\" data-id=\"8232935\" data-element_type=\"e-flexbox\" data-e-type=\"e-flexbox\" data-interaction-id=\"8232935\" data-e-type=\"e-flexbox\" data-id=\"8232935\">\n\t\t\t\t<div class=\"elementor-element elementor-element-24a563d e-con e-atomic-element e-flexbox-base DUP_hero-content-wrapper\" data-id=\"24a563d\" data-element_type=\"e-flexbox\" data-e-type=\"e-flexbox\" data-interaction-id=\"24a563d\" data-e-type=\"e-flexbox\" data-id=\"24a563d\">\n\t\t\t\t<div class=\"elementor-element elementor-element-4c7d103 e-con e-atomic-element e-flexbox-base e-4c7d103-19a0903\" data-id=\"4c7d103\" data-element_type=\"e-flexbox\" data-e-type=\"e-flexbox\" data-interaction-id=\"4c7d103\" data-e-type=\"e-flexbox\" data-id=\"4c7d103\">\n\t\t\t\t\t<div class=\"e-8e36b81-d1c5917 e-svg-base\" data-interaction-id=\"8e36b81\" data-e-type=\"widget\" data-id=\"8e36b81\"><svg xmlns=\"http:\/\/www.w3.org\/2000\/svg\" fill=\"currentColor\" style=\"width: 100%; height: 100%; overflow: unset;\" id=\"Layer_1\" viewBox=\"0 0 512 512\"><defs><style>      .st0 {        fill: #03a9ef;      }      .st1 {        fill: #fff;      }    <\/style><\/defs><path class=\"st0\" d=\"M438.4,329.6c0,101.3-82.1,182.4-182.4,182.4s-182.4-81.1-182.4-182.4S256,0,256,0c0,0,182.4,229.3,182.4,329.6Z\"><\/path><path class=\"st1\" d=\"M256,464c-73.6,0-134.4-59.7-134.4-134.4s7.5-16,16-16,16,7.5,16,16c0,56.5,45.9,102.4,102.4,102.4s16,7.5,16,16-7.5,16-16,16Z\"><\/path><\/svg><\/div>\t\t\t\t\t\t\t\t<p class=\"text-body e-9b98ff1-95f3b1d e-paragraph-base\" data-interaction-id=\"9b98ff1\"  data-e-type=\"widget\" data-id=\"9b98ff1\">\n\t\t\t\t\t\t\t\tEffizient und nachhaltig\n\t\t\t\t\t<\/p>\n\t\t\t\t<\/div>\n\t\t\t\t<div class=\"elementor-element elementor-element-41176b2 e-con e-atomic-element e-flexbox-base e-41176b2-071358b reveal-on-load\" data-id=\"41176b2\" data-element_type=\"e-flexbox\" data-e-type=\"e-flexbox\" data-interaction-id=\"41176b2\" data-e-type=\"e-flexbox\" data-id=\"41176b2\">\n\t\t\t\t\t\t\t\t<p class=\"e-d13ccba-80ef2c4 h1-text reveal-on-load e-paragraph-base\" data-interaction-id=\"d13ccba\"  data-e-type=\"widget\" data-id=\"d13ccba\">\n\t\t\t\t\t\t\t\tGar\u00adten\u00adbrun\u00adnen\n\t\t\t\t\t<\/p>\n\t\t\t\t<div class=\"elementor-element elementor-element-da1bda7 elementor-widget elementor-widget-html\" data-id=\"da1bda7\" data-element_type=\"widget\" data-e-type=\"widget\" data-widget_type=\"html.default\">\n\t\t\t\t\t<script>\ndocument.addEventListener('DOMContentLoaded', function () {\n  const reveal = (el, delay = 30) => {\n    if (el.classList.contains('is-revealed')) return;\n    setTimeout(() => {\n      el.classList.add('is-revealed');\n    }, delay);\n  };\n\n  \/\/ Elemente, die direkt beim Laden starten sollen\n  document.querySelectorAll('.reveal-on-load').forEach((el) => {\n    reveal(el, 30);\n  });\n\n  \/\/ Elemente, die erst beim Scrollen starten sollen\n  const scrollElements = document.querySelectorAll('.reveal-on-scroll');\n\n  if ('IntersectionObserver' in window) {\n    const observer = new IntersectionObserver((entries, observer) => {\n      entries.forEach((entry) => {\n        if (entry.isIntersecting) {\n          reveal(entry.target, 30);\n          observer.unobserve(entry.target);\n        }\n      });\n    }, {\n      threshold: 0.15,\n      rootMargin: '0px 0px -5% 0px'\n    });\n\n    scrollElements.forEach((el) => observer.observe(el));\n  } else {\n    \/\/ Fallback f\u00fcr alte Browser\n    scrollElements.forEach((el) => reveal(el, 30));\n  }\n});\n<\/script>\t\t\t\t<\/div>\n\t\t\t\t\t\t\t\n\t\t<img class=\"e-image-base e-a4ff79a-1c91724\" \n\t\t\t\t\tdata-interaction-id=\"a4ff79a\" \n\t\t \n\t\t data-e-type=\"widget\" data-id=\"a4ff79a\"\n\t\t\t\t\t\t\t\t\tid=\"49\"\n\t\t\t\t\t\t\t\t\t\t\t\tsrc=\"https:\/\/bb.kappa-medien.de\/wp-content\/uploads\/2025\/09\/drop-pattern.png\"\n\t\t\t\t\t\t\t\t\t\t\t\twidth=\"400\"\n\t\t\t\t\t\t\t\t\t\t\t\theight=\"192\"\n\t\t\t\t\t\t\t\t\t\t\t\tsrcset=\"https:\/\/bb.kappa-medien.de\/wp-content\/uploads\/2025\/09\/drop-pattern.png 400w, https:\/\/bb.kappa-medien.de\/wp-content\/uploads\/2025\/09\/drop-pattern-300x144.png 300w\"\n\t\t\t\t\t\t\t\t\t\t\t\talt=\"\"\n\t\t\t\t\t\t\/>\n\t\t\t\t\t<\/div>\n\t\t\t\t<\/div>\n\t\t\t\t<\/div>\n\t\t\t\t<\/div>\n\t\t\t\t<div class=\"elementor-element elementor-element-737773d e-con e-atomic-element e-div-block-base section e-737773d-5e289db\" data-id=\"737773d\" data-element_type=\"e-div-block\" data-e-type=\"e-div-block\" data-interaction-id=\"737773d\" data-e-type=\"e-div-block\" data-id=\"737773d\">\n\t\t\t\t<div class=\"elementor-element elementor-element-3842058 e-con e-atomic-element e-flexbox-base wrapper\" data-id=\"3842058\" data-element_type=\"e-flexbox\" data-e-type=\"e-flexbox\" data-interaction-id=\"3842058\" data-e-type=\"e-flexbox\" data-id=\"3842058\">\n\t\t\t\t<div class=\"elementor-element elementor-element-bcbc32e e-con e-atomic-element e-div-block-base container-basic\" data-id=\"bcbc32e\" data-element_type=\"e-div-block\" data-e-type=\"e-div-block\" data-interaction-id=\"bcbc32e\" data-e-type=\"e-div-block\" data-id=\"bcbc32e\">\n\t\t\t\t\t\t\t<h2 \n\t\tdata-interaction-id=\"78c83ce\" \n\t\tclass=\"text-h2 reveal-on-scroll e-heading-base\" \n\t\t \n\t\tdata-e-type=\"widget\" data-id=\"78c83ce\"\n\t>\n\t\n\t\t\tWir erstellen Gartenbrunnen im Trockenbohrverfahren\n\t\t<\/h2>\n\t\t\t\t\t\t\t\t<p class=\"text-body e-paragraph-base\" data-interaction-id=\"fe6d227\"  data-e-type=\"widget\" data-id=\"fe6d227\">\n\t\t\t\t\t\t\t\tDurch das Trockenbohrverfahren wird die Umgebung nur sehr geringf\u00fcgig in Mitleidenschaft gezogen. Durch die Endlosschnecken, die \u00fcbereinander gesteckt werden, erreichen wir die wasserf\u00fchrenden Schichten. Zeitgleich kann durch das zu Tage gef\u00f6rderte Bohrgut genau analysiert werden, wie die Geologie auf Ihrem Grundst\u00fcck aufgeschl\u00fcsselt ist. Im Gegensatz zu Sp\u00fclbohrungen, die sehr verbreitet angeboten werden, ist es bei der Trockenbohrung sofort ersichtlich, wann das Grundwasser erreicht wird.\n\t\t\t\t\t<\/p>\n\t\t\t\t\t\t\t\t<p class=\"text-body e-paragraph-base\" data-interaction-id=\"1d991ac\"  data-e-type=\"widget\" data-id=\"1d991ac\">\n\t\t\t\t\t\t\t\tDie Durchfahrtsbreite der kleinsten Maschine betr\u00e4gt nur 80 cm, daher kommen wir an fast jeden Bohrpunkt. Kleinere Treppen oder Steillagen sind nach R\u00fccksprache meist kein Problem.Der Ausbau des Brunnens erfolgt mit qualitativ hochwertigen Brunnenrohren in DN 115 bis DN 175 . Die Filter werden je nach Bodenverh\u00e4ltnissen ausgew\u00e4hlt von 0,3 mm bis 1 mm  Schlitzweite.\n\t\t\t\t\t<\/p>\n\t\t\t\t\t\t\t\t<p class=\"text-body e-paragraph-base\" data-interaction-id=\"e70d3f7\"  data-e-type=\"widget\" data-id=\"e70d3f7\">\n\t\t\t\t\t\t\t\tNach erfolgreichem Einbau der Verrohrung wird ein Pumpversuch durchgef\u00fchrt und der Brunnen anschlie\u00dfend klargepumpt. Wir sind komplett unabh\u00e4ngig von Strom und Wasser, da unsere Maschinen mit Verbrennungsmotoren laufen.\n\t\t\t\t\t<\/p>\n\t\t\t\t\t\t\t\t<p class=\"text-body e-paragraph-base\" data-interaction-id=\"c1bb59e\"  data-e-type=\"widget\" data-id=\"c1bb59e\">\n\t\t\t\t\t\t\t\tBitte achten Sie darauf, dass keine Versorgungsleitungen f\u00fcr das Haus unter der gew\u00fcnschten Bohrstelle verlegt sind (Gas, Wasser, Strom, Telefon). Es muss eine Mindestdurchfahrtsbreite von 80 bis 150 cm gegeben sein (je nach Bohrger\u00e4t bzw. Bohrverfahren).\n\t\t\t\t\t<\/p>\n\t\t\t\t\t\t\t<h2 \n\t\tdata-interaction-id=\"2cc2aac\" \n\t\tclass=\"reveal-on-scroll text-h3 e-heading-base\" \n\t\t \n\t\tdata-e-type=\"widget\" data-id=\"2cc2aac\"\n\t>\n\t\n\t\t\tStandort des Brunnens\n\t\t<\/h2>\n\t\t\t\t\t\t\t\t<p class=\"text-body e-paragraph-base\" data-interaction-id=\"221c877\"  data-e-type=\"widget\" data-id=\"221c877\">\n\t\t\t\t\t\t\t\tIn der Regel kann der Brunnen \u00fcberall auf dem Grundst\u00fcck installiert werden, da sich der eventuell vorhandene Wasserleiter gro\u00dffl\u00e4chig unter dem gesamten Grundst\u00fcck erstreckt.\n\t\t\t\t\t<\/p>\n\t\t\t\t\t    \t            <button class=\"button-primary text-body-small-accent-vers e-button-base\" data-interaction-id=\"fdf11ab\"  data-e-type=\"widget\" data-id=\"fdf11ab\">\n            Kontakt aufnehmen\n        <\/button>\n    \t\t\t\t<\/div>\n\t\t\t\t<div class=\"elementor-element elementor-element-81fa6b8 e-con e-atomic-element e-div-block-base container-basic reveal-on-scroll\" data-id=\"81fa6b8\" data-element_type=\"e-div-block\" data-e-type=\"e-div-block\" data-interaction-id=\"81fa6b8\" data-e-type=\"e-div-block\" data-id=\"81fa6b8\">\n\t\t\t\t<div class=\"elementor-element elementor-element-18bccb6 elementor-widget elementor-widget-image-carousel\" data-id=\"18bccb6\" data-element_type=\"widget\" data-e-type=\"widget\" data-settings=\"{&quot;slides_to_show&quot;:&quot;1&quot;,&quot;navigation&quot;:&quot;none&quot;,&quot;slides_to_show_mobile&quot;:&quot;1&quot;,&quot;autoplay&quot;:&quot;yes&quot;,&quot;pause_on_hover&quot;:&quot;yes&quot;,&quot;pause_on_interaction&quot;:&quot;yes&quot;,&quot;autoplay_speed&quot;:5000,&quot;infinite&quot;:&quot;yes&quot;,&quot;effect&quot;:&quot;slide&quot;,&quot;speed&quot;:500}\" data-widget_type=\"image-carousel.default\">\n\t\t\t\t\t\t\t<div class=\"elementor-image-carousel-wrapper swiper\" role=\"region\" aria-roledescription=\"carousel\" aria-label=\"Bild Karussell\" dir=\"ltr\">\n\t\t\t<div class=\"elementor-image-carousel swiper-wrapper\" aria-live=\"off\">\n\t\t\t\t\t\t\t\t<div class=\"swiper-slide\" role=\"group\" aria-roledescription=\"slide\" aria-label=\"1 von 3\"><figure class=\"swiper-slide-inner\"><img decoding=\"async\" class=\"swiper-slide-image\" src=\"https:\/\/bb.kappa-medien.de\/wp-content\/uploads\/2026\/04\/Brunnenbau-Trockenbohrung-Muenchen-Bohrbrunnen-2.jpg\" alt=\"Brunnenbau-Trockenbohrung-Mu\u0308nchen-Bohrbrunnen-2.jpg\" \/><\/figure><\/div><div class=\"swiper-slide\" role=\"group\" aria-roledescription=\"slide\" aria-label=\"2 von 3\"><figure class=\"swiper-slide-inner\"><img decoding=\"async\" class=\"swiper-slide-image\" src=\"https:\/\/bb.kappa-medien.de\/wp-content\/uploads\/2026\/04\/Gartenbrunnen-Brunnenbau_1000.jpg\" alt=\"Gartenbrunnen-Brunnenbau_1000.jpg\" \/><\/figure><\/div><div class=\"swiper-slide\" role=\"group\" aria-roledescription=\"slide\" aria-label=\"3 von 3\"><figure class=\"swiper-slide-inner\"><img decoding=\"async\" class=\"swiper-slide-image\" src=\"https:\/\/bb.kappa-medien.de\/wp-content\/uploads\/2026\/04\/Trockenbohrung-Brunnenbau-Bohrung-Brunnenbau-Ingolstadt-1.jpg\" alt=\"Trockenbohrung-Brunnenbau-Bohrung-Brunnenbau-Ingolstadt-1.jpg\" \/><\/figure><\/div>\t\t\t<\/div>\n\t\t\t\t\t\t\t\n\t\t\t\t\t\t\t\t\t<\/div>\n\t\t\t\t\t\t<\/div>\n\t\t\t\t<\/div>\n\t\t\t\t<\/div>\n\t\t\t\t<\/div>\n\t\t\t\t<\/div>\n\t\t","protected":false},"excerpt":{"rendered":"<p>Effizient und nachhaltig Gar\u00adten\u00adbrun\u00adnen Wir erstellen Gartenbrunnen im Trockenbohrverfahren Durch das Trockenbohrverfahren wird die Umgebung nur sehr geringf\u00fcgig in Mitleidenschaft gezogen. Durch die Endlosschnecken, die \u00fcbereinander gesteckt werden, erreichen wir die wasserf\u00fchrenden Schichten. Zeitgleich kann durch das zu Tage gef\u00f6rderte Bohrgut genau analysiert werden, wie die Geologie auf Ihrem Grundst\u00fcck aufgeschl\u00fcsselt ist. Im Gegensatz zu [&hellip;]<\/p>\n","protected":false},"author":1,"featured_media":0,"parent":25,"menu_order":0,"comment_status":"closed","ping_status":"closed","template":"","meta":{"footnotes":""},"class_list":["post-265","page","type-page","status-publish","hentry"],"_links":{"self":[{"href":"https:\/\/bb.kappa-medien.de\/index.php?rest_route=\/wp\/v2\/pages\/265","targetHints":{"allow":["GET"]}}],"collection":[{"href":"https:\/\/bb.kappa-medien.de\/index.php?rest_route=\/wp\/v2\/pages"}],"about":[{"href":"https:\/\/bb.kappa-medien.de\/index.php?rest_route=\/wp\/v2\/types\/page"}],"author":[{"embeddable":true,"href":"https:\/\/bb.kappa-medien.de\/index.php?rest_route=\/wp\/v2\/users\/1"}],"replies":[{"embeddable":true,"href":"https:\/\/bb.kappa-medien.de\/index.php?rest_route=%2Fwp%2Fv2%2Fcomments&post=265"}],"version-history":[{"count":13,"href":"https:\/\/bb.kappa-medien.de\/index.php?rest_route=\/wp\/v2\/pages\/265\/revisions"}],"predecessor-version":[{"id":854,"href":"https:\/\/bb.kappa-medien.de\/index.php?rest_route=\/wp\/v2\/pages\/265\/revisions\/854"}],"up":[{"embeddable":true,"href":"https:\/\/bb.kappa-medien.de\/index.php?rest_route=\/wp\/v2\/pages\/25"}],"wp:attachment":[{"href":"https:\/\/bb.kappa-medien.de\/index.php?rest_route=%2Fwp%2Fv2%2Fmedia&parent=265"}],"curies":[{"name":"wp","href":"https:\/\/api.w.org\/{rel}","templated":true}]}}