{"id":816,"date":"2026-04-29T22:55:46","date_gmt":"2026-04-29T22:55:46","guid":{"rendered":"https:\/\/bb.kappa-medien.de\/?page_id=816"},"modified":"2026-04-29T22:56:31","modified_gmt":"2026-04-29T22:56:31","slug":"quellfassungen","status":"publish","type":"page","link":"https:\/\/bb.kappa-medien.de\/?page_id=816","title":{"rendered":"Quellfassungen"},"content":{"rendered":"\t\t<div data-elementor-type=\"wp-page\" data-elementor-id=\"816\" class=\"elementor elementor-816\" data-elementor-post-type=\"page\">\n\t\t\t\t\t\t<div class=\"elementor-element elementor-element-a5623dd e-con e-atomic-element e-flexbox-base e-a5623dd-eccc1e1 section\" data-id=\"a5623dd\" data-element_type=\"e-flexbox\" data-e-type=\"e-flexbox\" data-interaction-id=\"a5623dd\" data-e-type=\"e-flexbox\" data-id=\"a5623dd\">\n\t\t\t\t<div class=\"elementor-element elementor-element-e6e62fb e-con e-atomic-element e-flexbox-base e-e6e62fb-8d8bb59 wrapper\" data-id=\"e6e62fb\" data-element_type=\"e-flexbox\" data-e-type=\"e-flexbox\" data-interaction-id=\"e6e62fb\" data-e-type=\"e-flexbox\" data-id=\"e6e62fb\">\n\t\t\t\t<div class=\"elementor-element elementor-element-359edb9 e-con e-atomic-element e-flexbox-base e-359edb9-ad677c6\" data-id=\"359edb9\" data-element_type=\"e-flexbox\" data-e-type=\"e-flexbox\" data-interaction-id=\"359edb9\" data-e-type=\"e-flexbox\" data-id=\"359edb9\">\n\t\t\t\t\t<div class=\"e-32416db-f421d8e e-svg-base\" data-interaction-id=\"32416db\" data-e-type=\"widget\" data-id=\"32416db\"><svg xmlns=\"http:\/\/www.w3.org\/2000\/svg\" fill=\"currentColor\" style=\"width: 100%; height: 100%; overflow: unset;\" id=\"Layer_1\" viewBox=\"0 0 512 512\"><defs><style>      .st0 {        fill: #03a9ef;      }      .st1 {        fill: #fff;      }    <\/style><\/defs><path class=\"st0\" d=\"M438.4,329.6c0,101.3-82.1,182.4-182.4,182.4s-182.4-81.1-182.4-182.4S256,0,256,0c0,0,182.4,229.3,182.4,329.6Z\"><\/path><path class=\"st1\" d=\"M256,464c-73.6,0-134.4-59.7-134.4-134.4s7.5-16,16-16,16,7.5,16,16c0,56.5,45.9,102.4,102.4,102.4s16,7.5,16,16-7.5,16-16,16Z\"><\/path><\/svg><\/div>\t\t\t\t\t\t\t\t<p class=\"text-body e-cefdc78-fa3feed e-paragraph-base\" data-interaction-id=\"cefdc78\"  data-e-type=\"widget\" data-id=\"cefdc78\">\n\t\t\t\t\t\t\t\tNat\u00fcrlich und zuverl\u00e4ssig\n\t\t\t\t\t<\/p>\n\t\t\t\t<\/div>\n\t\t\t\t<div class=\"elementor-element elementor-element-0281f93 e-con e-atomic-element e-flexbox-base e-0281f93-7e2f55d reveal-on-load\" data-id=\"0281f93\" data-element_type=\"e-flexbox\" data-e-type=\"e-flexbox\" data-interaction-id=\"0281f93\" data-e-type=\"e-flexbox\" data-id=\"0281f93\">\n\t\t\t\t\t\t\t\t<p class=\"e-175f0c4-f3cfbcc h1-text reveal-on-load e-paragraph-base\" data-interaction-id=\"175f0c4\"  data-e-type=\"widget\" data-id=\"175f0c4\">\n\t\t\t\t\t\t\t\tQuell\u00adfas\u00adsun\u00adgen\n\t\t\t\t\t<\/p>\n\t\t\t\t<div class=\"elementor-element elementor-element-d26e658 elementor-widget elementor-widget-html\" data-id=\"d26e658\" data-element_type=\"widget\" data-e-type=\"widget\" data-widget_type=\"html.default\">\n\t\t\t\t\t<script>\ndocument.addEventListener('DOMContentLoaded', function () {\n  const reveal = (el, delay = 30) => {\n    if (el.classList.contains('is-revealed')) return;\n    setTimeout(() => {\n      el.classList.add('is-revealed');\n    }, delay);\n  };\n\n  \/\/ Elemente, die direkt beim Laden starten sollen\n  document.querySelectorAll('.reveal-on-load').forEach((el) => {\n    reveal(el, 30);\n  });\n\n  \/\/ Elemente, die erst beim Scrollen starten sollen\n  const scrollElements = document.querySelectorAll('.reveal-on-scroll');\n\n  if ('IntersectionObserver' in window) {\n    const observer = new IntersectionObserver((entries, observer) => {\n      entries.forEach((entry) => {\n        if (entry.isIntersecting) {\n          reveal(entry.target, 30);\n          observer.unobserve(entry.target);\n        }\n      });\n    }, {\n      threshold: 0.15,\n      rootMargin: '0px 0px -5% 0px'\n    });\n\n    scrollElements.forEach((el) => observer.observe(el));\n  } else {\n    \/\/ Fallback f\u00fcr alte Browser\n    scrollElements.forEach((el) => reveal(el, 30));\n  }\n});\n<\/script>\t\t\t\t<\/div>\n\t\t\t\t\t\t\t\n\t\t<img class=\"e-image-base e-dd82093-6e0b70c\" \n\t\t\t\t\tdata-interaction-id=\"dd82093\" \n\t\t \n\t\t data-e-type=\"widget\" data-id=\"dd82093\"\n\t\t\t\t\t\t\t\t\tid=\"49\"\n\t\t\t\t\t\t\t\t\t\t\t\tsrc=\"https:\/\/bb.kappa-medien.de\/wp-content\/uploads\/2025\/09\/drop-pattern.png\"\n\t\t\t\t\t\t\t\t\t\t\t\twidth=\"400\"\n\t\t\t\t\t\t\t\t\t\t\t\theight=\"192\"\n\t\t\t\t\t\t\t\t\t\t\t\tsrcset=\"https:\/\/bb.kappa-medien.de\/wp-content\/uploads\/2025\/09\/drop-pattern.png 400w, https:\/\/bb.kappa-medien.de\/wp-content\/uploads\/2025\/09\/drop-pattern-300x144.png 300w\"\n\t\t\t\t\t\t\t\t\t\t\t\talt=\"\"\n\t\t\t\t\t\t\/>\n\t\t\t\t\t<\/div>\n\t\t\t\t<\/div>\n\t\t\t\t<\/div>\n\t\t\t\t<div class=\"elementor-element elementor-element-085806f e-con e-atomic-element e-div-block-base section e-085806f-aae6ab7\" data-id=\"085806f\" data-element_type=\"e-div-block\" data-e-type=\"e-div-block\" data-interaction-id=\"085806f\" data-e-type=\"e-div-block\" data-id=\"085806f\">\n\t\t\t\t<div class=\"elementor-element elementor-element-82676ed e-con e-atomic-element e-flexbox-base wrapper\" data-id=\"82676ed\" data-element_type=\"e-flexbox\" data-e-type=\"e-flexbox\" data-interaction-id=\"82676ed\" data-e-type=\"e-flexbox\" data-id=\"82676ed\">\n\t\t\t\t<div class=\"elementor-element elementor-element-507914d e-con e-atomic-element e-div-block-base container-basic\" data-id=\"507914d\" data-element_type=\"e-div-block\" data-e-type=\"e-div-block\" data-interaction-id=\"507914d\" data-e-type=\"e-div-block\" data-id=\"507914d\">\n\t\t\t\t\t\t\t<h2 \n\t\tdata-interaction-id=\"ed42b84\" \n\t\tclass=\"text-h2 reveal-on-scroll e-heading-base\" \n\t\t \n\t\tdata-e-type=\"widget\" data-id=\"ed42b84\"\n\t>\n\t\n\t\t\tQuell\u00adwasser fachgerecht fassen und nutzbar machen\n\t\t<\/h2>\n\t\t\t\t\t\t\t\t<p class=\"text-body e-paragraph-base\" data-interaction-id=\"7614a7b\"  data-e-type=\"widget\" data-id=\"7614a7b\">\n\t\t\t\t\t\t\t\tQuell\u00adfas\u00adsun\u00adgen dienen dazu, nat\u00fcrlich austretendes Wasser kontrolliert zu sammeln, zu sch\u00fctzen und f\u00fcr die weitere Nutzung verf\u00fcgbar zu machen. Dabei wird das Quell\u00adwasser an seinem Austrittspunkt gefasst und \u00fcber eine geeignete technische Ausf\u00fchrung gezielt abgeleitet.\n\t\t\t\t\t<\/p>\n\t\t\t\t\t\t\t\t<p class=\"text-body e-paragraph-base\" data-interaction-id=\"9be9193\"  data-e-type=\"widget\" data-id=\"9be9193\">\n\t\t\t\t\t\t\t\tJe nach Gel\u00e4nde, Sch\u00fcttung und geologischen Verh\u00e4ltnissen kommen unterschiedliche Bauweisen zum Einsatz. Wichtig ist dabei vor allem, die Quelle dauerhaft vor Oberfl\u00e4chenwasser, Verschmutzungen und \u00e4u\u00dferen Einfl\u00fcssen zu sch\u00fctzen.\n\t\t\t\t\t<\/p>\n\t\t\t\t\t\t\t\t<p class=\"text-body e-paragraph-base\" data-interaction-id=\"966f496\"  data-e-type=\"widget\" data-id=\"966f496\">\n\t\t\t\t\t\t\t\tEine fachgerecht ausgef\u00fchrte Quell\u00adfas\u00adsung sorgt daf\u00fcr, dass das Wasser sauber, sicher und m\u00f6glichst konstant gewonnen werden kann. Sie kann beispielsweise f\u00fcr private Wasserversorgung, landwirtschaftliche Nutzung, Gartenbew\u00e4sserung oder technische Anwendungen eingesetzt werden.\n\t\t\t\t\t<\/p>\n\t\t\t\t\t\t\t\t<p class=\"text-body e-paragraph-base\" data-interaction-id=\"8683e83\"  data-e-type=\"widget\" data-id=\"8683e83\">\n\t\t\t\t\t\t\t\tWir \u00fcbernehmen die Ausf\u00fchrung von Quell\u00adfas\u00adsun\u00adgen nach den jeweiligen Anforderungen vor Ort. Dazu geh\u00f6ren die Beurteilung der Quelle, die passende bauliche Ausf\u00fchrung, die Ableitung des Wassers sowie bei Bedarf die Abstimmung weiterer technischer Komponenten.\n\t\t\t\t\t<\/p>\n\t\t\t\t\t    \t            <button class=\"button-primary text-body-small-accent-vers e-button-base\" data-interaction-id=\"5447dd7\"  data-e-type=\"widget\" data-id=\"5447dd7\">\n            Kontakt aufnehmen\n        <\/button>\n    \t\t\t\t<\/div>\n\t\t\t\t<div class=\"elementor-element elementor-element-27fa5ad e-con e-atomic-element e-div-block-base container-basic reveal-on-scroll\" data-id=\"27fa5ad\" data-element_type=\"e-div-block\" data-e-type=\"e-div-block\" data-interaction-id=\"27fa5ad\" data-e-type=\"e-div-block\" data-id=\"27fa5ad\">\n\t\t\t\t\t\t\t\n\t\t<img class=\"e-image-base image-basic\" \n\t\t\t\t\tdata-interaction-id=\"a20c2c0\" \n\t\t \n\t\t data-e-type=\"widget\" data-id=\"a20c2c0\"\n\t\t\t\t\t\t\t\t\tid=\"796\"\n\t\t\t\t\t\t\t\t\t\t\t\tsrc=\"https:\/\/bb.kappa-medien.de\/wp-content\/uploads\/2026\/04\/pe-leitung-verlegen-gartenbrunnen-grundwasser.jpg\"\n\t\t\t\t\t\t\t\t\t\t\t\twidth=\"1000\"\n\t\t\t\t\t\t\t\t\t\t\t\theight=\"1333\"\n\t\t\t\t\t\t\t\t\t\t\t\tsrcset=\"https:\/\/bb.kappa-medien.de\/wp-content\/uploads\/2026\/04\/pe-leitung-verlegen-gartenbrunnen-grundwasser.jpg 1000w, https:\/\/bb.kappa-medien.de\/wp-content\/uploads\/2026\/04\/pe-leitung-verlegen-gartenbrunnen-grundwasser-225x300.jpg 225w, https:\/\/bb.kappa-medien.de\/wp-content\/uploads\/2026\/04\/pe-leitung-verlegen-gartenbrunnen-grundwasser-768x1024.jpg 768w\"\n\t\t\t\t\t\t\t\t\t\t\t\talt=\"\"\n\t\t\t\t\t\t\/>\n\t\t\t\t\t<\/div>\n\t\t\t\t<\/div>\n\t\t\t\t<\/div>\n\t\t\t\t<\/div>\n\t\t","protected":false},"excerpt":{"rendered":"<p>Nat\u00fcrlich und zuverl\u00e4ssig Quell\u00adfas\u00adsun\u00adgen Quell\u00adwasser fachgerecht fassen und nutzbar machen Quell\u00adfas\u00adsun\u00adgen dienen dazu, nat\u00fcrlich austretendes Wasser kontrolliert zu sammeln, zu sch\u00fctzen und f\u00fcr die weitere Nutzung verf\u00fcgbar zu machen. Dabei wird das Quell\u00adwasser an seinem Austrittspunkt gefasst und \u00fcber eine geeignete technische Ausf\u00fchrung gezielt abgeleitet. Je nach Gel\u00e4nde, Sch\u00fcttung und geologischen Verh\u00e4ltnissen kommen unterschiedliche Bauweisen [&hellip;]<\/p>\n","protected":false},"author":1,"featured_media":0,"parent":25,"menu_order":0,"comment_status":"closed","ping_status":"closed","template":"","meta":{"footnotes":""},"class_list":["post-816","page","type-page","status-publish","hentry"],"_links":{"self":[{"href":"https:\/\/bb.kappa-medien.de\/index.php?rest_route=\/wp\/v2\/pages\/816","targetHints":{"allow":["GET"]}}],"collection":[{"href":"https:\/\/bb.kappa-medien.de\/index.php?rest_route=\/wp\/v2\/pages"}],"about":[{"href":"https:\/\/bb.kappa-medien.de\/index.php?rest_route=\/wp\/v2\/types\/page"}],"author":[{"embeddable":true,"href":"https:\/\/bb.kappa-medien.de\/index.php?rest_route=\/wp\/v2\/users\/1"}],"replies":[{"embeddable":true,"href":"https:\/\/bb.kappa-medien.de\/index.php?rest_route=%2Fwp%2Fv2%2Fcomments&post=816"}],"version-history":[{"count":5,"href":"https:\/\/bb.kappa-medien.de\/index.php?rest_route=\/wp\/v2\/pages\/816\/revisions"}],"predecessor-version":[{"id":822,"href":"https:\/\/bb.kappa-medien.de\/index.php?rest_route=\/wp\/v2\/pages\/816\/revisions\/822"}],"up":[{"embeddable":true,"href":"https:\/\/bb.kappa-medien.de\/index.php?rest_route=\/wp\/v2\/pages\/25"}],"wp:attachment":[{"href":"https:\/\/bb.kappa-medien.de\/index.php?rest_route=%2Fwp%2Fv2%2Fmedia&parent=816"}],"curies":[{"name":"wp","href":"https:\/\/api.w.org\/{rel}","templated":true}]}}