{"id":865,"date":"2026-05-07T20:50:57","date_gmt":"2026-05-07T20:50:57","guid":{"rendered":"https:\/\/bb.kappa-medien.de\/?page_id=865"},"modified":"2026-05-13T14:41:07","modified_gmt":"2026-05-13T14:41:07","slug":"saugpumpen","status":"publish","type":"page","link":"https:\/\/bb.kappa-medien.de\/?page_id=865","title":{"rendered":"Saugpumpen"},"content":{"rendered":"\t\t<div data-elementor-type=\"wp-page\" data-elementor-id=\"865\" class=\"elementor elementor-865\" data-elementor-post-type=\"page\">\n\t\t\t\t\t\t<div class=\"elementor-element elementor-element-a01faa4 e-con e-atomic-element e-flexbox-base e-a01faa4-c098e44 section\" data-id=\"a01faa4\" data-element_type=\"e-flexbox\" data-e-type=\"e-flexbox\" data-interaction-id=\"a01faa4\" data-e-type=\"e-flexbox\" data-id=\"a01faa4\">\n\t\t\t\t<div class=\"elementor-element elementor-element-20fe40c e-con e-atomic-element e-flexbox-base e-20fe40c-92f5ac5 wrapper\" data-id=\"20fe40c\" data-element_type=\"e-flexbox\" data-e-type=\"e-flexbox\" data-interaction-id=\"20fe40c\" data-e-type=\"e-flexbox\" data-id=\"20fe40c\">\n\t\t\t\t<div class=\"elementor-element elementor-element-fabcfd0 e-con e-atomic-element e-flexbox-base DUP_hero-content-wrapper\" data-id=\"fabcfd0\" data-element_type=\"e-flexbox\" data-e-type=\"e-flexbox\" data-interaction-id=\"fabcfd0\" data-e-type=\"e-flexbox\" data-id=\"fabcfd0\">\n\t\t\t\t<div class=\"elementor-element elementor-element-9f7b668 e-con e-atomic-element e-flexbox-base e-9f7b668-1af41ec\" data-id=\"9f7b668\" data-element_type=\"e-flexbox\" data-e-type=\"e-flexbox\" data-interaction-id=\"9f7b668\" data-e-type=\"e-flexbox\" data-id=\"9f7b668\">\n\t\t\t\t\t<div class=\"e-e500157-d6625d6 e-svg-base\" data-interaction-id=\"e500157\" data-e-type=\"widget\" data-id=\"e500157\"><svg xmlns=\"http:\/\/www.w3.org\/2000\/svg\" fill=\"currentColor\" style=\"width: 100%; height: 100%; overflow: unset;\" id=\"Layer_1\" viewBox=\"0 0 512 512\"><defs><style>      .st0 {        fill: #03a9ef;      }      .st1 {        fill: #fff;      }    <\/style><\/defs><path class=\"st0\" d=\"M438.4,329.6c0,101.3-82.1,182.4-182.4,182.4s-182.4-81.1-182.4-182.4S256,0,256,0c0,0,182.4,229.3,182.4,329.6Z\"><\/path><path class=\"st1\" d=\"M256,464c-73.6,0-134.4-59.7-134.4-134.4s7.5-16,16-16,16,7.5,16,16c0,56.5,45.9,102.4,102.4,102.4s16,7.5,16,16-7.5,16-16,16Z\"><\/path><\/svg><\/div>\t\t\t\t\t\t\t\t<p class=\"text-body e-e6c0934-2247f75 e-paragraph-base\" data-interaction-id=\"e6c0934\"  data-e-type=\"widget\" data-id=\"e6c0934\">\n\t\t\t\t\t\t\t\tRobust und zuverl\u00e4ssig\n\t\t\t\t\t<\/p>\n\t\t\t\t<\/div>\n\t\t\t\t<div class=\"elementor-element elementor-element-9c701f6 e-con e-atomic-element e-flexbox-base e-9c701f6-926d013 reveal-on-load\" data-id=\"9c701f6\" data-element_type=\"e-flexbox\" data-e-type=\"e-flexbox\" data-interaction-id=\"9c701f6\" data-e-type=\"e-flexbox\" data-id=\"9c701f6\">\n\t\t\t\t\t\t\t\t<p class=\"e-1c174bc-29db5f5 h1-text reveal-on-load e-paragraph-base\" data-interaction-id=\"1c174bc\"  data-e-type=\"widget\" data-id=\"1c174bc\">\n\t\t\t\t\t\t\t\tSaugpumpen\n\t\t\t\t\t<\/p>\n\t\t\t\t<div class=\"elementor-element elementor-element-2c0ff75 elementor-widget elementor-widget-html\" data-id=\"2c0ff75\" data-element_type=\"widget\" data-e-type=\"widget\" data-widget_type=\"html.default\">\n\t\t\t\t\t<script>\ndocument.addEventListener('DOMContentLoaded', function () {\n  const reveal = (el, delay = 30) => {\n    if (el.classList.contains('is-revealed')) return;\n    setTimeout(() => {\n      el.classList.add('is-revealed');\n    }, delay);\n  };\n\n  \/\/ Elemente, die direkt beim Laden starten sollen\n  document.querySelectorAll('.reveal-on-load').forEach((el) => {\n    reveal(el, 30);\n  });\n\n  \/\/ Elemente, die erst beim Scrollen starten sollen\n  const scrollElements = document.querySelectorAll('.reveal-on-scroll');\n\n  if ('IntersectionObserver' in window) {\n    const observer = new IntersectionObserver((entries, observer) => {\n      entries.forEach((entry) => {\n        if (entry.isIntersecting) {\n          reveal(entry.target, 30);\n          observer.unobserve(entry.target);\n        }\n      });\n    }, {\n      threshold: 0.15,\n      rootMargin: '0px 0px -5% 0px'\n    });\n\n    scrollElements.forEach((el) => observer.observe(el));\n  } else {\n    \/\/ Fallback f\u00fcr alte Browser\n    scrollElements.forEach((el) => reveal(el, 30));\n  }\n});\n<\/script>\t\t\t\t<\/div>\n\t\t\t\t\t\t\t\n\t\t<img class=\"e-image-base e-ca5c1ab-2e2a1ce\" \n\t\t\t\t\tdata-interaction-id=\"ca5c1ab\" \n\t\t \n\t\t data-e-type=\"widget\" data-id=\"ca5c1ab\"\n\t\t\t\t\t\t\t\t\tid=\"49\"\n\t\t\t\t\t\t\t\t\t\t\t\tsrc=\"https:\/\/bb.kappa-medien.de\/wp-content\/uploads\/2025\/09\/drop-pattern.png\"\n\t\t\t\t\t\t\t\t\t\t\t\twidth=\"400\"\n\t\t\t\t\t\t\t\t\t\t\t\theight=\"192\"\n\t\t\t\t\t\t\t\t\t\t\t\tsrcset=\"https:\/\/bb.kappa-medien.de\/wp-content\/uploads\/2025\/09\/drop-pattern.png 400w, https:\/\/bb.kappa-medien.de\/wp-content\/uploads\/2025\/09\/drop-pattern-300x144.png 300w\"\n\t\t\t\t\t\t\t\t\t\t\t\talt=\"\"\n\t\t\t\t\t\t\/>\n\t\t\t\t\t<\/div>\n\t\t\t\t<\/div>\n\t\t\t\t<\/div>\n\t\t\t\t<\/div>\n\t\t\t\t<div class=\"elementor-element elementor-element-5003cdf e-con e-atomic-element e-div-block-base section e-5003cdf-7c87c0a\" data-id=\"5003cdf\" data-element_type=\"e-div-block\" data-e-type=\"e-div-block\" data-interaction-id=\"5003cdf\" data-e-type=\"e-div-block\" data-id=\"5003cdf\">\n\t\t\t\t<div class=\"elementor-element elementor-element-18845fc e-con e-atomic-element e-flexbox-base wrapper\" data-id=\"18845fc\" data-element_type=\"e-flexbox\" data-e-type=\"e-flexbox\" data-interaction-id=\"18845fc\" data-e-type=\"e-flexbox\" data-id=\"18845fc\">\n\t\t\t\t<div class=\"elementor-element elementor-element-db64427 e-con e-atomic-element e-div-block-base container-basic\" data-id=\"db64427\" data-element_type=\"e-div-block\" data-e-type=\"e-div-block\" data-interaction-id=\"db64427\" data-e-type=\"e-div-block\" data-id=\"db64427\">\n\t\t\t\t\t\t\t<h2 \n\t\tdata-interaction-id=\"6a3d8ca\" \n\t\tclass=\"text-h2 reveal-on-scroll e-heading-base\" \n\t\t \n\t\tdata-e-type=\"widget\" data-id=\"6a3d8ca\"\n\t>\n\t\n\t\t\tSaugpumpen\n\t\t<\/h2>\n\t\t\t\t\t\t\t\t<p class=\"text-body e-paragraph-base\" data-interaction-id=\"d5f1e1a\"  data-e-type=\"widget\" data-id=\"d5f1e1a\">\n\t\t\t\t\t\t\t\tSaugpumpen \/ Hauswasserwerke k\u00f6nnen bis zu einer Tiefe von maximal 8 Metern verwendet werden. Diese sind mit einem elektronischen Druckschalter \/ Durchflussschalter ausgestattet, der Vorteil ist, dass er bei Wassermangel sowohl beim Saug- als auch beim Tiefbrunnen die Pumpe abschaltet und somit vor Besch\u00e4digung sch\u00fctzt. Falls das Grundwasser tiefer als 8 Meter unter Gel\u00e4ndeoberkante steht, muss eine Tiefbrunnenpumpe verwendet werden.\n\t\t\t\t\t<\/p>\n\t\t\t\t\t\t\t\t<p class=\"text-body e-paragraph-base\" data-interaction-id=\"1932e1b\"  data-e-type=\"widget\" data-id=\"1932e1b\">\n\t\t\t\t\t\t\t\tGerne erstellen wir Ihnen ein unverbindliches Angebot.\n\t\t\t\t\t<\/p>\n\t\t\t\t\t    \t            <button class=\"button-primary text-body-small-accent-vers e-button-base\" data-interaction-id=\"8f58948\"  data-e-type=\"widget\" data-id=\"8f58948\">\n            Kontakt aufnehmen\n        <\/button>\n    \t\t\t\t<\/div>\n\t\t\t\t<div class=\"elementor-element elementor-element-9ce1569 e-con e-atomic-element e-div-block-base container-basic reveal-on-scroll\" data-id=\"9ce1569\" data-element_type=\"e-div-block\" data-e-type=\"e-div-block\" data-interaction-id=\"9ce1569\" data-e-type=\"e-div-block\" data-id=\"9ce1569\">\n\t\t\t\t<div class=\"elementor-element elementor-element-327fb63 elementor--h-position-center elementor--v-position-middle elementor-arrows-position-inside elementor-widget elementor-widget-slides\" data-id=\"327fb63\" data-element_type=\"widget\" data-e-type=\"widget\" data-settings=\"{&quot;navigation&quot;:&quot;arrows&quot;,&quot;autoplay&quot;:&quot;yes&quot;,&quot;pause_on_hover&quot;:&quot;yes&quot;,&quot;pause_on_interaction&quot;:&quot;yes&quot;,&quot;autoplay_speed&quot;:5000,&quot;infinite&quot;:&quot;yes&quot;,&quot;transition&quot;:&quot;slide&quot;,&quot;transition_speed&quot;:500}\" data-widget_type=\"slides.default\">\n\t\t\t\t\t\t\t\t\t\t<div class=\"elementor-slides-wrapper elementor-main-swiper swiper\" role=\"region\" aria-roledescription=\"carousel\" aria-label=\"Slider\" dir=\"ltr\" data-animation=\"fadeInUp\">\n\t\t\t\t<div class=\"swiper-wrapper elementor-slides\">\n\t\t\t\t\t\t\t\t\t\t<div class=\"elementor-repeater-item-74aebe1 swiper-slide\" role=\"group\" aria-roledescription=\"slide\"><div class=\"swiper-slide-bg\" role=\"img\" aria-label=\"saugpumpen-hauswasserwerk-pumpentechnik-brunnen\"><\/div><div class=\"swiper-slide-inner\" ><div class=\"swiper-slide-contents\"><\/div><\/div><\/div><div class=\"elementor-repeater-item-3dc60fe swiper-slide\" role=\"group\" aria-roledescription=\"slide\"><div class=\"swiper-slide-bg\" role=\"img\" aria-label=\"saugpumpen-druckschalter-pumpensteuerung-brunnenanlage\"><\/div><div class=\"swiper-slide-inner\" ><div class=\"swiper-slide-contents\"><\/div><\/div><\/div><div class=\"elementor-repeater-item-71665ab swiper-slide\" role=\"group\" aria-roledescription=\"slide\"><div class=\"swiper-slide-bg\" role=\"img\" aria-label=\"saugpumpen-nira-schwengelpumpe-frostsicher-gartenpumpe\"><\/div><div class=\"swiper-slide-inner\" ><div class=\"swiper-slide-contents\"><\/div><\/div><\/div><div class=\"elementor-repeater-item-e56e962 swiper-slide\" role=\"group\" aria-roledescription=\"slide\"><div class=\"swiper-slide-bg\" role=\"img\" aria-label=\"saugpumpen-pumpentechnik-hauswasserwerk-installation\"><\/div><div class=\"swiper-slide-inner\" ><div class=\"swiper-slide-contents\"><\/div><\/div><\/div>\t\t\t\t<\/div>\n\t\t\t\t\t\t\t\t\t\t\t\t\t\t\t<div class=\"elementor-swiper-button elementor-swiper-button-prev\" role=\"button\" tabindex=\"0\" aria-label=\"Vorheriger Slide\">\n\t\t\t\t\t\t\t<svg aria-hidden=\"true\" class=\"e-font-icon-svg e-eicon-chevron-left\" viewBox=\"0 0 1000 1000\" xmlns=\"http:\/\/www.w3.org\/2000\/svg\"><path d=\"M646 125C629 125 613 133 604 142L308 442C296 454 292 471 292 487 292 504 296 521 308 533L604 854C617 867 629 875 646 875 663 875 679 871 692 858 704 846 713 829 713 812 713 796 708 779 692 767L438 487 692 225C700 217 708 204 708 187 708 171 704 154 692 142 675 129 663 125 646 125Z\"><\/path><\/svg>\t\t\t\t\t\t<\/div>\n\t\t\t\t\t\t<div class=\"elementor-swiper-button elementor-swiper-button-next\" role=\"button\" tabindex=\"0\" aria-label=\"N\u00e4chster Slide\">\n\t\t\t\t\t\t\t<svg aria-hidden=\"true\" class=\"e-font-icon-svg e-eicon-chevron-right\" viewBox=\"0 0 1000 1000\" xmlns=\"http:\/\/www.w3.org\/2000\/svg\"><path d=\"M696 533C708 521 713 504 713 487 713 471 708 454 696 446L400 146C388 133 375 125 354 125 338 125 325 129 313 142 300 154 292 171 292 187 292 204 296 221 308 233L563 492 304 771C292 783 288 800 288 817 288 833 296 850 308 863 321 871 338 875 354 875 371 875 388 867 400 854L696 533Z\"><\/path><\/svg>\t\t\t\t\t\t<\/div>\n\t\t\t\t\t\t\t\t\t\t\t\t\t\t\t\t\t<\/div>\n\t\t\t\t\t\t\t\t<\/div>\n\t\t\t\t<\/div>\n\t\t\t\t<\/div>\n\t\t\t\t<\/div>\n\t\t\t\t<\/div>\n\t\t","protected":false},"excerpt":{"rendered":"<p>Robust und zuverl\u00e4ssig Saugpumpen Saugpumpen Saugpumpen \/ Hauswasserwerke k\u00f6nnen bis zu einer Tiefe von maximal 8 Metern verwendet werden. Diese sind mit einem elektronischen Druckschalter \/ Durchflussschalter ausgestattet, der Vorteil ist, dass er bei Wassermangel sowohl beim Saug- als auch beim Tiefbrunnen die Pumpe abschaltet und somit vor Besch\u00e4digung sch\u00fctzt. Falls das Grundwasser tiefer als [&hellip;]<\/p>\n","protected":false},"author":1,"featured_media":0,"parent":30,"menu_order":0,"comment_status":"closed","ping_status":"closed","template":"","meta":{"footnotes":""},"class_list":["post-865","page","type-page","status-publish","hentry"],"_links":{"self":[{"href":"https:\/\/bb.kappa-medien.de\/index.php?rest_route=\/wp\/v2\/pages\/865","targetHints":{"allow":["GET"]}}],"collection":[{"href":"https:\/\/bb.kappa-medien.de\/index.php?rest_route=\/wp\/v2\/pages"}],"about":[{"href":"https:\/\/bb.kappa-medien.de\/index.php?rest_route=\/wp\/v2\/types\/page"}],"author":[{"embeddable":true,"href":"https:\/\/bb.kappa-medien.de\/index.php?rest_route=\/wp\/v2\/users\/1"}],"replies":[{"embeddable":true,"href":"https:\/\/bb.kappa-medien.de\/index.php?rest_route=%2Fwp%2Fv2%2Fcomments&post=865"}],"version-history":[{"count":7,"href":"https:\/\/bb.kappa-medien.de\/index.php?rest_route=\/wp\/v2\/pages\/865\/revisions"}],"predecessor-version":[{"id":926,"href":"https:\/\/bb.kappa-medien.de\/index.php?rest_route=\/wp\/v2\/pages\/865\/revisions\/926"}],"up":[{"embeddable":true,"href":"https:\/\/bb.kappa-medien.de\/index.php?rest_route=\/wp\/v2\/pages\/30"}],"wp:attachment":[{"href":"https:\/\/bb.kappa-medien.de\/index.php?rest_route=%2Fwp%2Fv2%2Fmedia&parent=865"}],"curies":[{"name":"wp","href":"https:\/\/api.w.org\/{rel}","templated":true}]}}