{"id":882,"date":"2026-05-13T09:57:50","date_gmt":"2026-05-13T09:57:50","guid":{"rendered":"https:\/\/bb.kappa-medien.de\/?page_id=882"},"modified":"2026-05-13T10:17:53","modified_gmt":"2026-05-13T10:17:53","slug":"brunnenbauer-brunnenbauermeister-bohrgeraetefuehrer-spezialtiefbauer-m-w-d","status":"publish","type":"page","link":"https:\/\/bb.kappa-medien.de\/?page_id=882","title":{"rendered":"Brunnenbauer \/ Brunnenbauermeister \/ Bohrger\u00e4tef\u00fchrer \/ Spezialtiefbauer (m\/w\/d)"},"content":{"rendered":"\t\t<div data-elementor-type=\"wp-page\" data-elementor-id=\"882\" class=\"elementor elementor-882\" data-elementor-post-type=\"page\">\n\t\t\t\t\t\t<div class=\"elementor-element elementor-element-f86be47 e-con e-atomic-element e-div-block-base section e-f86be47-811a46d bg-light-blue\" data-id=\"f86be47\" data-element_type=\"e-div-block\" data-e-type=\"e-div-block\" data-interaction-id=\"f86be47\" data-e-type=\"e-div-block\" data-id=\"f86be47\">\n\t\t\t\t<div class=\"elementor-element elementor-element-1726ef1 e-con e-atomic-element e-flexbox-base wrapper\" data-id=\"1726ef1\" data-element_type=\"e-flexbox\" data-e-type=\"e-flexbox\" data-interaction-id=\"1726ef1\" data-e-type=\"e-flexbox\" data-id=\"1726ef1\">\n\t\t\t\t<div class=\"elementor-element elementor-element-a5ac911 e-con e-atomic-element e-div-block-base container-basic\" data-id=\"a5ac911\" data-element_type=\"e-div-block\" data-e-type=\"e-div-block\" data-interaction-id=\"a5ac911\" data-e-type=\"e-div-block\" data-id=\"a5ac911\">\n\t\t\t\t<div class=\"elementor-element elementor-element-f28a1d4 elementor-icon-list--layout-traditional elementor-list-item-link-full_width elementor-widget elementor-widget-icon-list\" data-id=\"f28a1d4\" data-element_type=\"widget\" data-e-type=\"widget\" data-widget_type=\"icon-list.default\">\n\t\t\t\t\t\t\t<ul class=\"elementor-icon-list-items\">\n\t\t\t\t\t\t\t<li class=\"elementor-icon-list-item\">\n\t\t\t\t\t\t\t\t\t\t\t<a href=\"https:\/\/bb.kappa-medien.de\/?page_id=28\">\n\n\t\t\t\t\t\t\t\t\t\t\t\t<span class=\"elementor-icon-list-icon\">\n\t\t\t\t\t\t\t<svg aria-hidden=\"true\" class=\"e-font-icon-svg e-fas-chevron-left\" viewBox=\"0 0 320 512\" xmlns=\"http:\/\/www.w3.org\/2000\/svg\"><path d=\"M34.52 239.03L228.87 44.69c9.37-9.37 24.57-9.37 33.94 0l22.67 22.67c9.36 9.36 9.37 24.52.04 33.9L131.49 256l154.02 154.75c9.34 9.38 9.32 24.54-.04 33.9l-22.67 22.67c-9.37 9.37-24.57 9.37-33.94 0L34.52 272.97c-9.37-9.37-9.37-24.57 0-33.94z\"><\/path><\/svg>\t\t\t\t\t\t<\/span>\n\t\t\t\t\t\t\t\t\t\t<span class=\"elementor-icon-list-text\">zur\u00fcck zur \u00dcbersicht<\/span>\n\t\t\t\t\t\t\t\t\t\t\t<\/a>\n\t\t\t\t\t\t\t\t\t<\/li>\n\t\t\t\t\t\t<\/ul>\n\t\t\t\t\t\t<\/div>\n\t\t\t\t<\/div>\n\t\t\t\t<\/div>\n\t\t\t\t<\/div>\n\t\t\t\t<div class=\"elementor-element elementor-element-6157a2d e-con e-atomic-element e-div-block-base section e-6157a2d-c1c9134\" data-id=\"6157a2d\" data-element_type=\"e-div-block\" data-e-type=\"e-div-block\" data-interaction-id=\"6157a2d\" data-e-type=\"e-div-block\" data-id=\"6157a2d\">\n\t\t\t\t<div class=\"elementor-element elementor-element-4532b9d e-con e-atomic-element e-flexbox-base wrapper e-4532b9d-e0ddbdc\" data-id=\"4532b9d\" data-element_type=\"e-flexbox\" data-e-type=\"e-flexbox\" data-interaction-id=\"4532b9d\" data-e-type=\"e-flexbox\" data-id=\"4532b9d\">\n\t\t\t\t<div class=\"elementor-element elementor-element-98551c6 e-con e-atomic-element e-div-block-base container-basic e-98551c6-c9a6ce8\" data-id=\"98551c6\" data-element_type=\"e-div-block\" data-e-type=\"e-div-block\" data-interaction-id=\"98551c6\" data-e-type=\"e-div-block\" data-id=\"98551c6\">\n\t\t\t\t\t\t\t<h2 \n\t\tdata-interaction-id=\"817b260\" \n\t\tclass=\"reveal-on-scroll h1-text e-heading-base\" \n\t\t \n\t\tdata-e-type=\"widget\" data-id=\"817b260\"\n\t>\n\t\n\t\t\tBrunnenbauer \/ Brunnenbauermeister \/ Bohrger\u00e4tef\u00fchrer \/ Spezialtiefbauer (m\/w\/d)\n\t\t<\/h2>\n\t\t\t\t\t\t\t\t<p class=\"text-body e-paragraph-base\" data-interaction-id=\"3cf4b71\"  data-e-type=\"widget\" data-id=\"3cf4b71\">\n\t\t\t\t\t\t\t\tDu bist zuverl\u00e4ssig, motiviert und hast bestenfalls sogar schon Berufserfahrung vorzuweisen?<br>Dann bewirb Dich bei uns \u2013 am besten noch heute.\n\t\t\t\t\t<\/p>\n\t\t\t\t<\/div>\n\t\t\t\t<div class=\"elementor-element elementor-element-31e2bd0 e-con e-atomic-element e-div-block-base container-basic\" data-id=\"31e2bd0\" data-element_type=\"e-div-block\" data-e-type=\"e-div-block\" data-interaction-id=\"31e2bd0\" data-e-type=\"e-div-block\" data-id=\"31e2bd0\">\n\t\t\t\t\t\t\t<h2 \n\t\tdata-interaction-id=\"8654bcc\" \n\t\tclass=\"reveal-on-scroll text-h3 e-heading-base\" \n\t\t \n\t\tdata-e-type=\"widget\" data-id=\"8654bcc\"\n\t>\n\t\n\t\t\tWir bieten Dir:\n\t\t<\/h2>\n\t\t\t\t<div class=\"elementor-element elementor-element-e0ed5b5 elementor-widget elementor-widget-text-editor\" data-id=\"e0ed5b5\" data-element_type=\"widget\" data-e-type=\"widget\" data-widget_type=\"text-editor.default\">\n\t\t\t\t\t\t\t\t\t<ul><li>junges, motiviertes Team<\/li><li>flache Hierarchien<\/li><li>professionelle, umfassende und bezahlte Einarbeitung<\/li><li>unbefristete Anstellung in Vollzeit<\/li><li>Stundenlohn \u00fcbertariflich bzw. je nach Qualifikation<\/li><li>Leistungsbeteiligung<\/li><li>30 Tage Jahresurlaub<\/li><li>\u00fcberwiegend regionale T\u00e4tigkeiten mit t\u00e4glicher R\u00fcckkehr (keine Montage)<\/li><li>Qualifizierungsm\u00f6glichkeiten<\/li><li>4\/5 Tage Woche (Montag \u2013 Freitag o. Montag \u2013 Donnerstag)<\/li><li>neuen und modernen Maschinenpark<\/li><\/ul>\t\t\t\t\t\t\t\t<\/div>\n\t\t\t\t<\/div>\n\t\t\t\t<div class=\"elementor-element elementor-element-4e6562e e-con e-atomic-element e-div-block-base container-basic\" data-id=\"4e6562e\" data-element_type=\"e-div-block\" data-e-type=\"e-div-block\" data-interaction-id=\"4e6562e\" data-e-type=\"e-div-block\" data-id=\"4e6562e\">\n\t\t\t\t\t\t\t<h2 \n\t\tdata-interaction-id=\"b114fb2\" \n\t\tclass=\"reveal-on-scroll text-h3 e-heading-base\" \n\t\t \n\t\tdata-e-type=\"widget\" data-id=\"b114fb2\"\n\t>\n\t\n\t\t\tDas sind deine Aufgaben:\n\t\t<\/h2>\n\t\t\t\t<div class=\"elementor-element elementor-element-91ab8f6 elementor-widget elementor-widget-text-editor\" data-id=\"91ab8f6\" data-element_type=\"widget\" data-e-type=\"widget\" data-widget_type=\"text-editor.default\">\n\t\t\t\t\t\t\t\t\t<ul><li>Abwicklung von Brunnenbohrungen, Bohrungen f\u00fcr Grundwassermessstellen, W\u00e4rmepumpen usw.<\/li><li>Durchf\u00fchrung von Erkundungsbohrungen mit Kerngewinnung<\/li><li>Bedienung und Instandhaltung von Ger\u00e4ten, Anlagen und Maschinen<\/li><li>Ein-, Ausbau und Reparatur von Pumpentechnik und Zubeh\u00f6r<\/li><li>Wartung, Sanierung und Regenerierung von Brunnen<\/li><li>Bedienung s\u00e4mtlicher Bauger\u00e4te<\/li><\/ul>\t\t\t\t\t\t\t\t<\/div>\n\t\t\t\t<\/div>\n\t\t\t\t<div class=\"elementor-element elementor-element-d37fa17 e-con e-atomic-element e-div-block-base container-basic\" data-id=\"d37fa17\" data-element_type=\"e-div-block\" data-e-type=\"e-div-block\" data-interaction-id=\"d37fa17\" data-e-type=\"e-div-block\" data-id=\"d37fa17\">\n\t\t\t\t\t\t\t<h2 \n\t\tdata-interaction-id=\"2a978c4\" \n\t\tclass=\"reveal-on-scroll text-h3 e-heading-base\" \n\t\t \n\t\tdata-e-type=\"widget\" data-id=\"2a978c4\"\n\t>\n\t\n\t\t\tDas solltest du mitbringen:\n\t\t<\/h2>\n\t\t\t\t<div class=\"elementor-element elementor-element-d6e6890 elementor-widget elementor-widget-text-editor\" data-id=\"d6e6890\" data-element_type=\"widget\" data-e-type=\"widget\" data-widget_type=\"text-editor.default\">\n\t\t\t\t\t\t\t\t\t<ul><li>Abgeschlossene technische Ausbildung als Mechaniker, Brunnenbauer, Bauger\u00e4tef\u00fchrer, Tiefbauer (m\/w\/d) oder vergleichbare Qualifikation<\/li><li>Fahrerlaubnis der Klasse B\/BE<\/li><li>Fahrerlaubnis der Klasse C\/CE<em> w\u00fcnschenswert<\/em> (alternativ: Kosten\u00fcbernahme durch den Arbeitgeber)<\/li><li>Selbstst\u00e4ndigkeit, Zuverl\u00e4ssigkeit, Teamf\u00e4higkeit und Verantwortungsbewusstsein<\/li><\/ul>\t\t\t\t\t\t\t\t<\/div>\n\t\t\t\t<\/div>\n\t\t\t\t<div class=\"elementor-element elementor-element-88f61c0 e-con e-atomic-element e-div-block-base container-basic\" data-id=\"88f61c0\" data-element_type=\"e-div-block\" data-e-type=\"e-div-block\" data-interaction-id=\"88f61c0\" data-e-type=\"e-div-block\" data-id=\"88f61c0\">\n\t\t\t\t<div class=\"elementor-element elementor-element-940a5f3 elementor-widget elementor-widget-text-editor\" data-id=\"940a5f3\" data-element_type=\"widget\" data-e-type=\"widget\" data-widget_type=\"text-editor.default\">\n\t\t\t\t\t\t\t\t\t<p>Wir freuen uns \u00fcber Deine aussagekr\u00e4ftige Bewerbung (per <span style=\"color: #00ccff;\"><a style=\"color: #00ccff;\" href=\"mailto:info@brunnenbau-huber.de\">E-Mail<\/a><\/span> oder Post)!<\/p>\t\t\t\t\t\t\t\t<\/div>\n\t\t\t\t<\/div>\n\t\t\t\t<\/div>\n\t\t\t\t<\/div>\n\t\t\t\t<div class=\"elementor-element elementor-element-f1504ed e-con e-atomic-element e-div-block-base section e-f1504ed-0078199 bg-light-blue\" data-id=\"f1504ed\" data-element_type=\"e-div-block\" data-e-type=\"e-div-block\" data-interaction-id=\"f1504ed\" data-e-type=\"e-div-block\" data-id=\"f1504ed\">\n\t\t\t\t<div class=\"elementor-element elementor-element-b016316 e-con e-atomic-element e-flexbox-base wrapper\" data-id=\"b016316\" data-element_type=\"e-flexbox\" data-e-type=\"e-flexbox\" data-interaction-id=\"b016316\" data-e-type=\"e-flexbox\" data-id=\"b016316\">\n\t\t\t\t<div class=\"elementor-element elementor-element-0f1dcd1 e-con e-atomic-element e-div-block-base container-basic\" data-id=\"0f1dcd1\" data-element_type=\"e-div-block\" data-e-type=\"e-div-block\" data-interaction-id=\"0f1dcd1\" data-e-type=\"e-div-block\" data-id=\"0f1dcd1\">\n\t\t\t\t<div class=\"elementor-element elementor-element-60a76e0 elementor-icon-list--layout-traditional elementor-list-item-link-full_width elementor-widget elementor-widget-icon-list\" data-id=\"60a76e0\" data-element_type=\"widget\" data-e-type=\"widget\" data-widget_type=\"icon-list.default\">\n\t\t\t\t\t\t\t<ul class=\"elementor-icon-list-items\">\n\t\t\t\t\t\t\t<li class=\"elementor-icon-list-item\">\n\t\t\t\t\t\t\t\t\t\t\t<a href=\"https:\/\/bb.kappa-medien.de\/?page_id=28\">\n\n\t\t\t\t\t\t\t\t\t\t\t\t<span class=\"elementor-icon-list-icon\">\n\t\t\t\t\t\t\t<svg aria-hidden=\"true\" class=\"e-font-icon-svg e-fas-chevron-left\" viewBox=\"0 0 320 512\" xmlns=\"http:\/\/www.w3.org\/2000\/svg\"><path d=\"M34.52 239.03L228.87 44.69c9.37-9.37 24.57-9.37 33.94 0l22.67 22.67c9.36 9.36 9.37 24.52.04 33.9L131.49 256l154.02 154.75c9.34 9.38 9.32 24.54-.04 33.9l-22.67 22.67c-9.37 9.37-24.57 9.37-33.94 0L34.52 272.97c-9.37-9.37-9.37-24.57 0-33.94z\"><\/path><\/svg>\t\t\t\t\t\t<\/span>\n\t\t\t\t\t\t\t\t\t\t<span class=\"elementor-icon-list-text\">zur\u00fcck zur \u00dcbersicht<\/span>\n\t\t\t\t\t\t\t\t\t\t\t<\/a>\n\t\t\t\t\t\t\t\t\t<\/li>\n\t\t\t\t\t\t<\/ul>\n\t\t\t\t\t\t<\/div>\n\t\t\t\t<\/div>\n\t\t\t\t<\/div>\n\t\t\t\t<\/div>\n\t\t\t\t<\/div>\n\t\t","protected":false},"excerpt":{"rendered":"<p>zur\u00fcck zur \u00dcbersicht Brunnenbauer \/ Brunnenbauermeister \/ Bohrger\u00e4tef\u00fchrer \/ Spezialtiefbauer (m\/w\/d) Du bist zuverl\u00e4ssig, motiviert und hast bestenfalls sogar schon Berufserfahrung vorzuweisen?Dann bewirb Dich bei uns \u2013 am besten noch heute. Wir bieten Dir: junges, motiviertes Team flache Hierarchien professionelle, umfassende und bezahlte Einarbeitung unbefristete Anstellung in Vollzeit Stundenlohn \u00fcbertariflich bzw. je nach Qualifikation Leistungsbeteiligung [&hellip;]<\/p>\n","protected":false},"author":1,"featured_media":0,"parent":28,"menu_order":0,"comment_status":"closed","ping_status":"closed","template":"","meta":{"footnotes":""},"class_list":["post-882","page","type-page","status-publish","hentry"],"_links":{"self":[{"href":"https:\/\/bb.kappa-medien.de\/index.php?rest_route=\/wp\/v2\/pages\/882","targetHints":{"allow":["GET"]}}],"collection":[{"href":"https:\/\/bb.kappa-medien.de\/index.php?rest_route=\/wp\/v2\/pages"}],"about":[{"href":"https:\/\/bb.kappa-medien.de\/index.php?rest_route=\/wp\/v2\/types\/page"}],"author":[{"embeddable":true,"href":"https:\/\/bb.kappa-medien.de\/index.php?rest_route=\/wp\/v2\/users\/1"}],"replies":[{"embeddable":true,"href":"https:\/\/bb.kappa-medien.de\/index.php?rest_route=%2Fwp%2Fv2%2Fcomments&post=882"}],"version-history":[{"count":22,"href":"https:\/\/bb.kappa-medien.de\/index.php?rest_route=\/wp\/v2\/pages\/882\/revisions"}],"predecessor-version":[{"id":907,"href":"https:\/\/bb.kappa-medien.de\/index.php?rest_route=\/wp\/v2\/pages\/882\/revisions\/907"}],"up":[{"embeddable":true,"href":"https:\/\/bb.kappa-medien.de\/index.php?rest_route=\/wp\/v2\/pages\/28"}],"wp:attachment":[{"href":"https:\/\/bb.kappa-medien.de\/index.php?rest_route=%2Fwp%2Fv2%2Fmedia&parent=882"}],"curies":[{"name":"wp","href":"https:\/\/api.w.org\/{rel}","templated":true}]}}